{"id":357190,"date":"2022-01-24T16:01:06","date_gmt":"2022-01-24T14:01:06","guid":{"rendered":"https:\/\/games.tactic.net\/tuote\/accessories-snowblower\/"},"modified":"2025-03-19T14:01:00","modified_gmt":"2025-03-19T12:01:00","slug":"accessories-snowblower","status":"archive","type":"product","link":"https:\/\/games.tactic.net\/no\/tuote\/accessories-snowblower\/","title":{"rendered":"Tilbeh\u00f8r: Sn\u00f8freser"},"content":{"rendered":"<p>I vintre med mye sn\u00f8 er enhver str\u00f8service avhengig av effektiv teknologi. Den nye BRUDER sn\u00f8freseren er &laquo;akkurat som den ekte varen&raquo; og har en drevet, bevegelig fresetrommel som kan kombineres med traktorer i 2000-, 3000- og 4000-serien, lastebiler og MB Unimog takket v\u00e6re den medf\u00f8lgende adapteren. Som et resultat kan barn realistisk gjenskape sn\u00f8ryddingsoperasjoner. Den bevegelige fresetrommelen drives av et friksjonshjul. Sn\u00f8freserutl\u00f8pet kan roteres 360 grader.<\/p>\n","protected":false},"excerpt":{"rendered":"<p>Bruder<\/p>\n","protected":false},"featured_media":0,"template":"","meta":{"content-type":"","_monsterinsights_skip_tracking":false,"_monsterinsights_sitenote_active":false,"_monsterinsights_sitenote_note":"","_monsterinsights_sitenote_category":0},"product_brand":[],"product_cat":[1705],"product_tag":[],"brand":[],"target-group":[],"discontinued":[],"class_list":{"0":"post-357190","1":"product","2":"type-product","3":"status-archive","5":"product_cat-bruder-leker","7":"first","8":"outofstock","9":"taxable","10":"shipping-taxable","11":"product-type-simple"},"aioseo_notices":[],"_links":{"self":[{"href":"https:\/\/games.tactic.net\/no\/wp-json\/wp\/v2\/product\/357190","targetHints":{"allow":["GET"]}}],"collection":[{"href":"https:\/\/games.tactic.net\/no\/wp-json\/wp\/v2\/product"}],"about":[{"href":"https:\/\/games.tactic.net\/no\/wp-json\/wp\/v2\/types\/product"}],"wp:attachment":[{"href":"https:\/\/games.tactic.net\/no\/wp-json\/wp\/v2\/media?parent=357190"}],"wp:term":[{"taxonomy":"product_brand","embeddable":true,"href":"https:\/\/games.tactic.net\/no\/wp-json\/wp\/v2\/product_brand?post=357190"},{"taxonomy":"product_cat","embeddable":true,"href":"https:\/\/games.tactic.net\/no\/wp-json\/wp\/v2\/product_cat?post=357190"},{"taxonomy":"product_tag","embeddable":true,"href":"https:\/\/games.tactic.net\/no\/wp-json\/wp\/v2\/product_tag?post=357190"},{"taxonomy":"brand","embeddable":true,"href":"https:\/\/games.tactic.net\/no\/wp-json\/wp\/v2\/brand?post=357190"},{"taxonomy":"target-group","embeddable":true,"href":"https:\/\/games.tactic.net\/no\/wp-json\/wp\/v2\/target-group?post=357190"},{"taxonomy":"discontinued","embeddable":true,"href":"https:\/\/games.tactic.net\/no\/wp-json\/wp\/v2\/discontinued?post=357190"}],"curies":[{"name":"wp","href":"https:\/\/api.w.org\/{rel}","templated":true}]}}