{"id":357088,"date":"2022-01-24T16:00:29","date_gmt":"2022-01-24T14:00:29","guid":{"rendered":"https:\/\/games.tactic.net\/tuote\/cat-mini-excavator\/"},"modified":"2023-10-20T15:36:25","modified_gmt":"2023-10-20T12:36:25","slug":"cat-mini-excavator","status":"publish","type":"product","link":"https:\/\/games.tactic.net\/no\/tuote\/cat-mini-excavator\/","title":{"rendered":"CAT Beltegraver"},"content":{"rendered":"<p>Takket v\u00e6re den kompakte st\u00f8rrelsen f\u00f8les den mest hjemme i trange rom. Gravemaskinarmen kan ogs\u00e5 svinges mot siden for \u00e5 gj\u00f8re den uunnv\u00e6rlig for landskapsarbeid og hagearbeid samt generelt byggearbeid der kj\u00f8ret\u00f8yet effektivt flytter sm\u00e5 mengder jord. Takket v\u00e6re belteunderstellet kan den ogs\u00e5 takle utfordrende terreng. Chassisbladet gir kj\u00f8ret\u00f8yet mer stabilitet p\u00e5 l\u00f8st underlag, noe som gj\u00f8r det mer egnet for enkle nivelleringsaktiviteter. I tillegg til sine realistiske lekefunksjoner kommer modellen med imponerende tilbeh\u00f8r. Gravemaskinskuffen er avtakbar. Panseret bak \u00e5pnes, og f\u00f8rerhuset er innglasset og d\u00f8ren \u00e5pnes. Gravemaskinkroppen roterer 360\u00b0 og skuffearmen ytterligere 180\u00b0 \u2013 akkurat som ekte vare.<\/p>\n","protected":false},"excerpt":{"rendered":"<p>Bruder<\/p>\n","protected":false},"featured_media":0,"template":"","meta":{"content-type":"","_monsterinsights_skip_tracking":false,"_monsterinsights_sitenote_active":false,"_monsterinsights_sitenote_note":"","_monsterinsights_sitenote_category":0},"product_brand":[],"product_cat":[1705],"product_tag":[],"brand":[],"target-group":[],"discontinued":[],"class_list":{"0":"post-357088","1":"product","2":"type-product","3":"status-publish","5":"product_cat-bruder-leker","7":"first","8":"instock","9":"taxable","10":"shipping-taxable","11":"product-type-simple"},"aioseo_notices":[],"_links":{"self":[{"href":"https:\/\/games.tactic.net\/no\/wp-json\/wp\/v2\/product\/357088","targetHints":{"allow":["GET"]}}],"collection":[{"href":"https:\/\/games.tactic.net\/no\/wp-json\/wp\/v2\/product"}],"about":[{"href":"https:\/\/games.tactic.net\/no\/wp-json\/wp\/v2\/types\/product"}],"wp:attachment":[{"href":"https:\/\/games.tactic.net\/no\/wp-json\/wp\/v2\/media?parent=357088"}],"wp:term":[{"taxonomy":"product_brand","embeddable":true,"href":"https:\/\/games.tactic.net\/no\/wp-json\/wp\/v2\/product_brand?post=357088"},{"taxonomy":"product_cat","embeddable":true,"href":"https:\/\/games.tactic.net\/no\/wp-json\/wp\/v2\/product_cat?post=357088"},{"taxonomy":"product_tag","embeddable":true,"href":"https:\/\/games.tactic.net\/no\/wp-json\/wp\/v2\/product_tag?post=357088"},{"taxonomy":"brand","embeddable":true,"href":"https:\/\/games.tactic.net\/no\/wp-json\/wp\/v2\/brand?post=357088"},{"taxonomy":"target-group","embeddable":true,"href":"https:\/\/games.tactic.net\/no\/wp-json\/wp\/v2\/target-group?post=357088"},{"taxonomy":"discontinued","embeddable":true,"href":"https:\/\/games.tactic.net\/no\/wp-json\/wp\/v2\/discontinued?post=357088"}],"curies":[{"name":"wp","href":"https:\/\/api.w.org\/{rel}","templated":true}]}}