{"id":357059,"date":"2022-01-24T16:00:19","date_gmt":"2022-01-24T14:00:19","guid":{"rendered":"https:\/\/games.tactic.net\/tuote\/machine-hall\/"},"modified":"2022-01-24T16:00:19","modified_gmt":"2022-01-24T14:00:19","slug":"machine-hall","status":"publish","type":"product","link":"https:\/\/games.tactic.net\/no\/tuote\/machine-hall\/","title":{"rendered":"Machine hall"},"content":{"rendered":"<p>Garasjen passer til anleggsmaskiner (opp til 24 cm h\u00f8y), landbruksmaskiner, vogner og annet utstyr. Modellen er ogs\u00e5 designet slik at det er mulig \u00e5 ta bort deler av taket slik at inn og utkj\u00f8ring av kj\u00f8ret\u00f8yer og lek med figurer er enkelt. D\u00f8rene kan lukkes.<\/p>\n","protected":false},"excerpt":{"rendered":"<p>Garasjen passer til anleggsmaskiner (opp til 24 cm h\u00f8y), landbruksmaskiner, vogner og annet utstyr. Modellen er ogs\u00e5 designet slik at det er mulig \u00e5 ta bort deler av taket slik at inn og utkj\u00f8ring av kj\u00f8ret\u00f8yer og lek med figurer er enkelt. D\u00f8rene kan lukkes.<\/p>\n","protected":false},"featured_media":0,"template":"","meta":{"content-type":"","_monsterinsights_skip_tracking":false,"_monsterinsights_sitenote_active":false,"_monsterinsights_sitenote_note":"","_monsterinsights_sitenote_category":0},"product_brand":[],"product_cat":[1705],"product_tag":[],"brand":[],"target-group":[],"discontinued":[],"class_list":{"0":"post-357059","1":"product","2":"type-product","3":"status-publish","5":"product_cat-bruder-leker","7":"first","8":"outofstock","9":"taxable","10":"shipping-taxable","11":"product-type-simple"},"aioseo_notices":[],"_links":{"self":[{"href":"https:\/\/games.tactic.net\/no\/wp-json\/wp\/v2\/product\/357059","targetHints":{"allow":["GET"]}}],"collection":[{"href":"https:\/\/games.tactic.net\/no\/wp-json\/wp\/v2\/product"}],"about":[{"href":"https:\/\/games.tactic.net\/no\/wp-json\/wp\/v2\/types\/product"}],"wp:attachment":[{"href":"https:\/\/games.tactic.net\/no\/wp-json\/wp\/v2\/media?parent=357059"}],"wp:term":[{"taxonomy":"product_brand","embeddable":true,"href":"https:\/\/games.tactic.net\/no\/wp-json\/wp\/v2\/product_brand?post=357059"},{"taxonomy":"product_cat","embeddable":true,"href":"https:\/\/games.tactic.net\/no\/wp-json\/wp\/v2\/product_cat?post=357059"},{"taxonomy":"product_tag","embeddable":true,"href":"https:\/\/games.tactic.net\/no\/wp-json\/wp\/v2\/product_tag?post=357059"},{"taxonomy":"brand","embeddable":true,"href":"https:\/\/games.tactic.net\/no\/wp-json\/wp\/v2\/brand?post=357059"},{"taxonomy":"target-group","embeddable":true,"href":"https:\/\/games.tactic.net\/no\/wp-json\/wp\/v2\/target-group?post=357059"},{"taxonomy":"discontinued","embeddable":true,"href":"https:\/\/games.tactic.net\/no\/wp-json\/wp\/v2\/discontinued?post=357059"}],"curies":[{"name":"wp","href":"https:\/\/api.w.org\/{rel}","templated":true}]}}