{"id":357016,"date":"2022-01-24T16:00:08","date_gmt":"2022-01-24T14:00:08","guid":{"rendered":"https:\/\/games.tactic.net\/tuote\/snowmobil-with-driver-and-accessories\/"},"modified":"2023-10-11T10:34:44","modified_gmt":"2023-10-11T07:34:44","slug":"snowmobil-with-driver-and-accessories","status":"publish","type":"product","link":"https:\/\/games.tactic.net\/no\/tuote\/snowmobil-with-driver-and-accessories\/","title":{"rendered":"Bruder Sn\u00f8scooter med sj\u00e5f\u00f8r og tilbeh\u00f8r lekesett"},"content":{"rendered":"<p>Bruder sn\u00f8scooter er et leket\u00f8y som gj\u00f8r en helt vanlig vinterdag om til et spennende eventyr fullt av fart og fantasi. Dra ut i det sn\u00f8dekte landskapet og gi gass \u2013 takket v\u00e6re sin gode man\u00f8vrerbarhet takler sn\u00f8scooteren ogs\u00e5 mer krevende og ujevnt terreng uten problemer.<\/p>\n<p>Settet inneholder en f\u00f8rer samt tilh\u00f8rende beskyttelsesutstyr, noe som gj\u00f8r leken enda mer realistisk og sikkerhetsorientert. Sn\u00f8scooteren har ogs\u00e5 plass til to Bruder-figurer, slik at f\u00f8reren enkelt kan ta med seg en venn p\u00e5 turen og dele vinteropplevelsen.<\/p>\n","protected":false},"excerpt":{"rendered":"<p>BRUDER sn\u00f8scooter gir vinteren fart og spenning! H\u00e5ndterer terreng lett, og har plass til to figurer. Inkluderer f\u00f8rer med beskyttelsesutstyr.<\/p>\n","protected":false},"featured_media":0,"template":"","meta":{"content-type":"","_monsterinsights_skip_tracking":false,"_monsterinsights_sitenote_active":false,"_monsterinsights_sitenote_note":"","_monsterinsights_sitenote_category":0},"product_brand":[],"product_cat":[1705],"product_tag":[],"brand":[],"target-group":[],"discontinued":[],"class_list":{"0":"post-357016","1":"product","2":"type-product","3":"status-publish","5":"product_cat-bruder-leker","7":"first","8":"instock","9":"taxable","10":"shipping-taxable","11":"product-type-simple"},"aioseo_notices":[],"_links":{"self":[{"href":"https:\/\/games.tactic.net\/no\/wp-json\/wp\/v2\/product\/357016","targetHints":{"allow":["GET"]}}],"collection":[{"href":"https:\/\/games.tactic.net\/no\/wp-json\/wp\/v2\/product"}],"about":[{"href":"https:\/\/games.tactic.net\/no\/wp-json\/wp\/v2\/types\/product"}],"wp:attachment":[{"href":"https:\/\/games.tactic.net\/no\/wp-json\/wp\/v2\/media?parent=357016"}],"wp:term":[{"taxonomy":"product_brand","embeddable":true,"href":"https:\/\/games.tactic.net\/no\/wp-json\/wp\/v2\/product_brand?post=357016"},{"taxonomy":"product_cat","embeddable":true,"href":"https:\/\/games.tactic.net\/no\/wp-json\/wp\/v2\/product_cat?post=357016"},{"taxonomy":"product_tag","embeddable":true,"href":"https:\/\/games.tactic.net\/no\/wp-json\/wp\/v2\/product_tag?post=357016"},{"taxonomy":"brand","embeddable":true,"href":"https:\/\/games.tactic.net\/no\/wp-json\/wp\/v2\/brand?post=357016"},{"taxonomy":"target-group","embeddable":true,"href":"https:\/\/games.tactic.net\/no\/wp-json\/wp\/v2\/target-group?post=357016"},{"taxonomy":"discontinued","embeddable":true,"href":"https:\/\/games.tactic.net\/no\/wp-json\/wp\/v2\/discontinued?post=357016"}],"curies":[{"name":"wp","href":"https:\/\/api.w.org\/{rel}","templated":true}]}}