{"id":356959,"date":"2022-01-24T15:59:56","date_gmt":"2022-01-24T13:59:56","guid":{"rendered":"https:\/\/games.tactic.net\/tuote\/quad-with-driver\/"},"modified":"2023-10-20T16:54:53","modified_gmt":"2023-10-20T13:54:53","slug":"quad-with-driver","status":"publish","type":"product","link":"https:\/\/games.tactic.net\/no\/tuote\/quad-with-driver\/","title":{"rendered":"Bruder Firehjuling med sj\u00e5f\u00f8r lekesett"},"content":{"rendered":"<p>En ATV kombinerer motorsykkelens moro med terrengbilens fleksibilitet. Derfor brukes quads i skogbruk, landbruk, p\u00e5 byggeplasser og til fritid. BRUDER-quaden har moderne, h\u00f8y kvalitet og imponerer p\u00e5 og utenfor vei. Uavhengig fj\u00e6ring og styrbar foraksel gir presis man\u00f8vrering selv i krevende terreng. Avtakbart bagasjebrett, tilhengerfeste og verkt\u00f8yholdere gj\u00f8r den praktisk i arbeid. Sammen med bworld-f\u00f8lgeren, hjelm og vest blir offroad-f\u00f8lelsen komplett. Godt grep p\u00e5 styret og sportslig sittestilling gir kontroll selv i h\u00f8y fart. Solid kufanger og gode dekk fulllf\u00f8rer inntrykket.<\/p>\n","protected":false},"excerpt":{"rendered":"<p>BRUDER firehjuling i moderne design. Med fj\u00e6ring og styring er den sv\u00e6rt man\u00f8vrerbar, ogs\u00e5 i terreng. Inkluderer f\u00f8rer med hjelm og verneutstyr.<\/p>\n","protected":false},"featured_media":0,"template":"","meta":{"content-type":"","_monsterinsights_skip_tracking":false,"_monsterinsights_sitenote_active":false,"_monsterinsights_sitenote_note":"","_monsterinsights_sitenote_category":0},"product_brand":[],"product_cat":[1705],"product_tag":[],"brand":[],"target-group":[],"discontinued":[],"class_list":{"0":"post-356959","1":"product","2":"type-product","3":"status-publish","5":"product_cat-bruder-leker","7":"first","8":"instock","9":"taxable","10":"shipping-taxable","11":"product-type-simple"},"aioseo_notices":[],"_links":{"self":[{"href":"https:\/\/games.tactic.net\/no\/wp-json\/wp\/v2\/product\/356959","targetHints":{"allow":["GET"]}}],"collection":[{"href":"https:\/\/games.tactic.net\/no\/wp-json\/wp\/v2\/product"}],"about":[{"href":"https:\/\/games.tactic.net\/no\/wp-json\/wp\/v2\/types\/product"}],"wp:attachment":[{"href":"https:\/\/games.tactic.net\/no\/wp-json\/wp\/v2\/media?parent=356959"}],"wp:term":[{"taxonomy":"product_brand","embeddable":true,"href":"https:\/\/games.tactic.net\/no\/wp-json\/wp\/v2\/product_brand?post=356959"},{"taxonomy":"product_cat","embeddable":true,"href":"https:\/\/games.tactic.net\/no\/wp-json\/wp\/v2\/product_cat?post=356959"},{"taxonomy":"product_tag","embeddable":true,"href":"https:\/\/games.tactic.net\/no\/wp-json\/wp\/v2\/product_tag?post=356959"},{"taxonomy":"brand","embeddable":true,"href":"https:\/\/games.tactic.net\/no\/wp-json\/wp\/v2\/brand?post=356959"},{"taxonomy":"target-group","embeddable":true,"href":"https:\/\/games.tactic.net\/no\/wp-json\/wp\/v2\/target-group?post=356959"},{"taxonomy":"discontinued","embeddable":true,"href":"https:\/\/games.tactic.net\/no\/wp-json\/wp\/v2\/discontinued?post=356959"}],"curies":[{"name":"wp","href":"https:\/\/api.w.org\/{rel}","templated":true}]}}