{"id":356930,"date":"2022-01-24T15:59:45","date_gmt":"2022-01-24T13:59:45","guid":{"rendered":"https:\/\/games.tactic.net\/tuote\/figure-set-forestry\/"},"modified":"2023-10-20T15:48:37","modified_gmt":"2023-10-20T12:48:37","slug":"figure-set-forestry","status":"publish","type":"product","link":"https:\/\/games.tactic.net\/no\/tuote\/figure-set-forestry\/","title":{"rendered":"bworld Skogbruk med tilbeh\u00f8r"},"content":{"rendered":"<p>Hvor kommer veden til den koselige, varme peisen eller kakkelovnen i stua fra? Med skogsettet kan de enkelte trinnene fra hogst t\u00f8mmer til hogget ved replikeres gjennom lek. Fra den store tredeleren skj\u00e6res mindre stykker ved hjelp av motorsagen, disse stykkene kan deretter viderebearbeides med vedkl\u00f8yveren til t\u00f8mmerstokker som er lettere \u00e5 h\u00e5ndtere. Naturligvis kreves det fortsatt muskelkraft her. Motorsagen kan ikke gj\u00f8re alt alene. \u00d8ksen og h\u00e5ndsagen leveres til disse oppgavene. Helse og sikkerhet p\u00e5 arbeidsplassen er alltid i h\u00f8ysetet ved hogst av ved. F\u00f8lgelig er lekefiguren ogs\u00e5 utstyrt med en beskyttelsesvest og en hjelm med visir. Figurene kan trygt holde verkt\u00f8yene takket v\u00e6re grepshendene.<\/p>\n","protected":false},"excerpt":{"rendered":"<p>Alt du trenger for \u00e5 hugge ved kommer i dette settet: motorsag, vedkl\u00f8yver, \u00f8ks og en h\u00e5ndsag. Figuren er utstyrt med beskyttelsesvest og en hjelm med visir. Figuren kan holde alt utstyret takket v\u00e6re sine gripe hender.<\/p>\n","protected":false},"featured_media":0,"template":"","meta":{"content-type":"","_monsterinsights_skip_tracking":false,"_monsterinsights_sitenote_active":false,"_monsterinsights_sitenote_note":"","_monsterinsights_sitenote_category":0},"product_brand":[],"product_cat":[1705],"product_tag":[],"brand":[],"target-group":[],"discontinued":[],"class_list":{"0":"post-356930","1":"product","2":"type-product","3":"status-publish","5":"product_cat-bruder-leker","7":"first","8":"instock","9":"taxable","10":"shipping-taxable","11":"product-type-simple"},"aioseo_notices":[],"_links":{"self":[{"href":"https:\/\/games.tactic.net\/no\/wp-json\/wp\/v2\/product\/356930","targetHints":{"allow":["GET"]}}],"collection":[{"href":"https:\/\/games.tactic.net\/no\/wp-json\/wp\/v2\/product"}],"about":[{"href":"https:\/\/games.tactic.net\/no\/wp-json\/wp\/v2\/types\/product"}],"wp:attachment":[{"href":"https:\/\/games.tactic.net\/no\/wp-json\/wp\/v2\/media?parent=356930"}],"wp:term":[{"taxonomy":"product_brand","embeddable":true,"href":"https:\/\/games.tactic.net\/no\/wp-json\/wp\/v2\/product_brand?post=356930"},{"taxonomy":"product_cat","embeddable":true,"href":"https:\/\/games.tactic.net\/no\/wp-json\/wp\/v2\/product_cat?post=356930"},{"taxonomy":"product_tag","embeddable":true,"href":"https:\/\/games.tactic.net\/no\/wp-json\/wp\/v2\/product_tag?post=356930"},{"taxonomy":"brand","embeddable":true,"href":"https:\/\/games.tactic.net\/no\/wp-json\/wp\/v2\/brand?post=356930"},{"taxonomy":"target-group","embeddable":true,"href":"https:\/\/games.tactic.net\/no\/wp-json\/wp\/v2\/target-group?post=356930"},{"taxonomy":"discontinued","embeddable":true,"href":"https:\/\/games.tactic.net\/no\/wp-json\/wp\/v2\/discontinued?post=356930"}],"curies":[{"name":"wp","href":"https:\/\/api.w.org\/{rel}","templated":true}]}}