{"id":356901,"date":"2022-01-24T15:59:35","date_gmt":"2022-01-24T13:59:35","guid":{"rendered":"https:\/\/games.tactic.net\/tuote\/jcb-micro-excavator-8010-cts\/"},"modified":"2023-10-20T15:55:36","modified_gmt":"2023-10-20T12:55:36","slug":"jcb-micro-excavator-8010-cts","status":"publish","type":"product","link":"https:\/\/games.tactic.net\/no\/tuote\/jcb-micro-excavator-8010-cts\/","title":{"rendered":"Bruder JCB Mikrogravemaskin 8010 CTS lekesett"},"content":{"rendered":"<p>JCB mikrograver 8010 CTS er liten nok til \u00e5 komme gjennom smale \u00e5pninger, men sterk som ti mann. Utstyrt med fullt funksjonell gravearm, roterende overdel og bevegelig skj\u00e6r. Passer til bworld-figurer, har sete med b\u00f8yle og realistiske kontrollspaker. Glattg\u00e5ende belter gir enkel man\u00f8vrering i lek.<\/p>\n","protected":false},"excerpt":{"rendered":"<p>JCB 8010 CTS mikrograver: liten nok til trange rom, sterk nok til tunge jobber! Utrolig kraftfull og perfekt tilpasset bworld-figurer for realistisk lek.<\/p>\n","protected":false},"featured_media":0,"template":"","meta":{"content-type":"","_monsterinsights_skip_tracking":false,"_monsterinsights_sitenote_active":false,"_monsterinsights_sitenote_note":"","_monsterinsights_sitenote_category":0},"product_brand":[],"product_cat":[1705],"product_tag":[],"brand":[],"target-group":[],"discontinued":[],"class_list":{"0":"post-356901","1":"product","2":"type-product","3":"status-publish","5":"product_cat-bruder-leker","7":"first","8":"instock","9":"taxable","10":"shipping-taxable","11":"product-type-simple"},"aioseo_notices":[],"_links":{"self":[{"href":"https:\/\/games.tactic.net\/no\/wp-json\/wp\/v2\/product\/356901","targetHints":{"allow":["GET"]}}],"collection":[{"href":"https:\/\/games.tactic.net\/no\/wp-json\/wp\/v2\/product"}],"about":[{"href":"https:\/\/games.tactic.net\/no\/wp-json\/wp\/v2\/types\/product"}],"wp:attachment":[{"href":"https:\/\/games.tactic.net\/no\/wp-json\/wp\/v2\/media?parent=356901"}],"wp:term":[{"taxonomy":"product_brand","embeddable":true,"href":"https:\/\/games.tactic.net\/no\/wp-json\/wp\/v2\/product_brand?post=356901"},{"taxonomy":"product_cat","embeddable":true,"href":"https:\/\/games.tactic.net\/no\/wp-json\/wp\/v2\/product_cat?post=356901"},{"taxonomy":"product_tag","embeddable":true,"href":"https:\/\/games.tactic.net\/no\/wp-json\/wp\/v2\/product_tag?post=356901"},{"taxonomy":"brand","embeddable":true,"href":"https:\/\/games.tactic.net\/no\/wp-json\/wp\/v2\/brand?post=356901"},{"taxonomy":"target-group","embeddable":true,"href":"https:\/\/games.tactic.net\/no\/wp-json\/wp\/v2\/target-group?post=356901"},{"taxonomy":"discontinued","embeddable":true,"href":"https:\/\/games.tactic.net\/no\/wp-json\/wp\/v2\/discontinued?post=356901"}],"curies":[{"name":"wp","href":"https:\/\/api.w.org\/{rel}","templated":true}]}}