{"id":356872,"date":"2022-01-24T15:59:25","date_gmt":"2022-01-24T13:59:25","guid":{"rendered":"https:\/\/games.tactic.net\/tuote\/jcb-micro-excavator-8010-cts-and-construction-worker\/"},"modified":"2023-10-20T15:59:32","modified_gmt":"2023-10-20T12:59:32","slug":"jcb-micro-excavator-8010-cts-and-construction-worker","status":"publish","type":"product","link":"https:\/\/games.tactic.net\/no\/tuote\/jcb-micro-excavator-8010-cts-and-construction-worker\/","title":{"rendered":"JCB Mikrograver 8010 CTS og bygningsarbeider"},"content":{"rendered":"<p>Liten nok til \u00e5 passe gjennom de minste hullene, sterk nok til \u00e5 gj\u00f8re jobben til ti menn! JCB mikrograver 8010 CTS er en bemerkelsesverdig maskin. Bemerkelsesverdig ikke bare p\u00e5 grunn av st\u00f8rrelsen, men ogs\u00e5 p\u00e5 grunn av dens enorme kraft. Mikrograverens utstyr er tro mot detaljer, inkludert den fullt funksjonelle gravemaskinarmen, det roterbare chassiset og det bevegelige bladet. Kj\u00f8ret\u00f8yet passer perfekt til figurene i BRUDER bworld-serien takket v\u00e6re setet med st\u00f8ttebrakett og de tilpassede kontrollinstrumentene. JCB mikrograver 8010 CTS har ogs\u00e5 jevnt l\u00f8pende belter for \u00e5 tillate lekne man\u00f8vrerbarhet. En figur i bworld-serien f\u00f8lger ogs\u00e5 med mikrograveren. Dette gj\u00f8r at arbeidet kan starte p\u00e5 byggeplassen med en gang.<\/p>\n","protected":false},"excerpt":{"rendered":"<p>Liten nok til \u00e5 komme til p\u00e5 de minste plassene, sterk nok til \u00e5 gj\u00f8re 10 personers arbeid! JCB kompaktgraver kommer med en bevegelig gravearm, roterende ramme og avtakbart skj\u00e6reblad. En arbeidsfigur er inkludert.<\/p>\n","protected":false},"featured_media":0,"template":"","meta":{"content-type":"","_monsterinsights_skip_tracking":false,"_monsterinsights_sitenote_active":false,"_monsterinsights_sitenote_note":"","_monsterinsights_sitenote_category":0},"product_brand":[],"product_cat":[1705],"product_tag":[],"brand":[],"target-group":[],"discontinued":[],"class_list":{"0":"post-356872","1":"product","2":"type-product","3":"status-publish","5":"product_cat-bruder-leker","7":"first","8":"instock","9":"taxable","10":"shipping-taxable","11":"product-type-simple"},"aioseo_notices":[],"_links":{"self":[{"href":"https:\/\/games.tactic.net\/no\/wp-json\/wp\/v2\/product\/356872","targetHints":{"allow":["GET"]}}],"collection":[{"href":"https:\/\/games.tactic.net\/no\/wp-json\/wp\/v2\/product"}],"about":[{"href":"https:\/\/games.tactic.net\/no\/wp-json\/wp\/v2\/types\/product"}],"wp:attachment":[{"href":"https:\/\/games.tactic.net\/no\/wp-json\/wp\/v2\/media?parent=356872"}],"wp:term":[{"taxonomy":"product_brand","embeddable":true,"href":"https:\/\/games.tactic.net\/no\/wp-json\/wp\/v2\/product_brand?post=356872"},{"taxonomy":"product_cat","embeddable":true,"href":"https:\/\/games.tactic.net\/no\/wp-json\/wp\/v2\/product_cat?post=356872"},{"taxonomy":"product_tag","embeddable":true,"href":"https:\/\/games.tactic.net\/no\/wp-json\/wp\/v2\/product_tag?post=356872"},{"taxonomy":"brand","embeddable":true,"href":"https:\/\/games.tactic.net\/no\/wp-json\/wp\/v2\/brand?post=356872"},{"taxonomy":"target-group","embeddable":true,"href":"https:\/\/games.tactic.net\/no\/wp-json\/wp\/v2\/target-group?post=356872"},{"taxonomy":"discontinued","embeddable":true,"href":"https:\/\/games.tactic.net\/no\/wp-json\/wp\/v2\/discontinued?post=356872"}],"curies":[{"name":"wp","href":"https:\/\/api.w.org\/{rel}","templated":true}]}}