{"id":356843,"date":"2022-01-24T15:59:14","date_gmt":"2022-01-24T13:59:14","guid":{"rendered":"https:\/\/games.tactic.net\/tuote\/construction-worker-with-accessories\/"},"modified":"2023-10-11T09:42:35","modified_gmt":"2023-10-11T06:42:35","slug":"construction-worker-with-accessories","status":"publish","type":"product","link":"https:\/\/games.tactic.net\/no\/tuote\/construction-worker-with-accessories\/","title":{"rendered":"bworld Bygningsarbeider med tilbeh\u00f8r"},"content":{"rendered":"<p>BRUDERs produktlinje tilbyr en rekke produkter \u2013 fra lastebiler til anleggsmaskiner, gravemaskiner, kraner og mye mer \u2013 som inkluderer selv de minste detaljene fra originalene. Utfyller denne serien p\u00e5 en ideell m\u00e5te, er leket\u00f8ysfigurer som legger til et element til lekelandskapet som gj\u00f8r leken enda morsommere og mer realistisk, og oppmuntrer barn til \u00e5 delta i rollelek og gi n\u00e6ring til kreativiteten deres. Byggearbeideren med tilbeh\u00f8r er det ideelle supplement til ethvert anleggskj\u00f8ret\u00f8y som er en del av produktlinjen. Bare for \u00e5 v\u00e6re &laquo;sikkerhetssikker&raquo; inkluderte vi en hjelm og en synlig vest for \u00e5 la arbeideren begynne \u00e5 jobbe med en gang. Settet inkluderer ogs\u00e5 en jackhammer samt fem ekstra verkt\u00f8y, slik at barna kan delta i ulike lekescenarier. Den synlige vesten og hjelmen kan tas av.<\/p>\n","protected":false},"excerpt":{"rendered":"<p>Bruder<\/p>\n","protected":false},"featured_media":0,"template":"","meta":{"content-type":"","_monsterinsights_skip_tracking":false,"_monsterinsights_sitenote_active":false,"_monsterinsights_sitenote_note":"","_monsterinsights_sitenote_category":0},"product_brand":[],"product_cat":[1705],"product_tag":[],"brand":[],"target-group":[],"discontinued":[],"class_list":{"0":"post-356843","1":"product","2":"type-product","3":"status-publish","5":"product_cat-bruder-leker","7":"first","8":"instock","9":"taxable","10":"shipping-taxable","11":"product-type-simple"},"aioseo_notices":[],"_links":{"self":[{"href":"https:\/\/games.tactic.net\/no\/wp-json\/wp\/v2\/product\/356843","targetHints":{"allow":["GET"]}}],"collection":[{"href":"https:\/\/games.tactic.net\/no\/wp-json\/wp\/v2\/product"}],"about":[{"href":"https:\/\/games.tactic.net\/no\/wp-json\/wp\/v2\/types\/product"}],"wp:attachment":[{"href":"https:\/\/games.tactic.net\/no\/wp-json\/wp\/v2\/media?parent=356843"}],"wp:term":[{"taxonomy":"product_brand","embeddable":true,"href":"https:\/\/games.tactic.net\/no\/wp-json\/wp\/v2\/product_brand?post=356843"},{"taxonomy":"product_cat","embeddable":true,"href":"https:\/\/games.tactic.net\/no\/wp-json\/wp\/v2\/product_cat?post=356843"},{"taxonomy":"product_tag","embeddable":true,"href":"https:\/\/games.tactic.net\/no\/wp-json\/wp\/v2\/product_tag?post=356843"},{"taxonomy":"brand","embeddable":true,"href":"https:\/\/games.tactic.net\/no\/wp-json\/wp\/v2\/brand?post=356843"},{"taxonomy":"target-group","embeddable":true,"href":"https:\/\/games.tactic.net\/no\/wp-json\/wp\/v2\/target-group?post=356843"},{"taxonomy":"discontinued","embeddable":true,"href":"https:\/\/games.tactic.net\/no\/wp-json\/wp\/v2\/discontinued?post=356843"}],"curies":[{"name":"wp","href":"https:\/\/api.w.org\/{rel}","templated":true}]}}