{"id":356799,"date":"2022-01-24T15:58:56","date_gmt":"2022-01-24T13:58:56","guid":{"rendered":"https:\/\/games.tactic.net\/tuote\/mb-arocs-cement-mixer-truck\/"},"modified":"2022-01-24T15:58:56","modified_gmt":"2022-01-24T13:58:56","slug":"mb-arocs-cement-mixer-truck","status":"publish","type":"product","link":"https:\/\/games.tactic.net\/no\/tuote\/mb-arocs-cement-mixer-truck\/","title":{"rendered":"MB Arocs Cement mixer truck"},"content":{"rendered":"<p>Beholderen til denne sementbilen kan snurres ved \u00e5 vri p\u00e5 en sveiv skjult av vanntanken. Beholderen kan ogs\u00e5 t\u00f8mmes ved \u00e5 reversere veien du vrir. Det som skjer er at skrutransport\u00f8ren inne i beholderen vil skyve materialet mot rennen bak. To monterbare sementrenner kommer med.<\/p>\n","protected":false},"excerpt":{"rendered":"<p>Beholderen til denne sementbilen kan snurres ved \u00e5 vri p\u00e5 en sveiv skjult av vanntanken. Beholderen kan ogs\u00e5 t\u00f8mmes ved \u00e5 reversere veien du vrir. Det som skjer er at skrutransport\u00f8ren inne i beholderen vil skyve materialet mot rennen bak. To monterbare sementrenner kommer med.<\/p>\n","protected":false},"featured_media":0,"template":"","meta":{"content-type":"","_monsterinsights_skip_tracking":false,"_monsterinsights_sitenote_active":false,"_monsterinsights_sitenote_note":"","_monsterinsights_sitenote_category":0},"product_brand":[],"product_cat":[1705],"product_tag":[],"brand":[],"target-group":[],"discontinued":[],"class_list":{"0":"post-356799","1":"product","2":"type-product","3":"status-publish","5":"product_cat-bruder-leker","7":"first","8":"outofstock","9":"taxable","10":"shipping-taxable","11":"product-type-simple"},"aioseo_notices":[],"_links":{"self":[{"href":"https:\/\/games.tactic.net\/no\/wp-json\/wp\/v2\/product\/356799","targetHints":{"allow":["GET"]}}],"collection":[{"href":"https:\/\/games.tactic.net\/no\/wp-json\/wp\/v2\/product"}],"about":[{"href":"https:\/\/games.tactic.net\/no\/wp-json\/wp\/v2\/types\/product"}],"wp:attachment":[{"href":"https:\/\/games.tactic.net\/no\/wp-json\/wp\/v2\/media?parent=356799"}],"wp:term":[{"taxonomy":"product_brand","embeddable":true,"href":"https:\/\/games.tactic.net\/no\/wp-json\/wp\/v2\/product_brand?post=356799"},{"taxonomy":"product_cat","embeddable":true,"href":"https:\/\/games.tactic.net\/no\/wp-json\/wp\/v2\/product_cat?post=356799"},{"taxonomy":"product_tag","embeddable":true,"href":"https:\/\/games.tactic.net\/no\/wp-json\/wp\/v2\/product_tag?post=356799"},{"taxonomy":"brand","embeddable":true,"href":"https:\/\/games.tactic.net\/no\/wp-json\/wp\/v2\/brand?post=356799"},{"taxonomy":"target-group","embeddable":true,"href":"https:\/\/games.tactic.net\/no\/wp-json\/wp\/v2\/target-group?post=356799"},{"taxonomy":"discontinued","embeddable":true,"href":"https:\/\/games.tactic.net\/no\/wp-json\/wp\/v2\/discontinued?post=356799"}],"curies":[{"name":"wp","href":"https:\/\/api.w.org\/{rel}","templated":true}]}}