{"id":356770,"date":"2022-01-24T15:58:46","date_gmt":"2022-01-24T13:58:46","guid":{"rendered":"https:\/\/games.tactic.net\/tuote\/mb-arocs-construction-truck-w-crane-clamshell-buckets-2-pallets\/"},"modified":"2024-03-04T09:24:46","modified_gmt":"2024-03-04T07:24:46","slug":"mb-arocs-construction-truck-w-crane-clamshell-buckets-2-pallets","status":"archive","type":"product","link":"https:\/\/games.tactic.net\/no\/tuote\/mb-arocs-construction-truck-w-crane-clamshell-buckets-2-pallets\/","title":{"rendered":"Bruder MB Arocs Construction truck w. crane, clamshell buckets + 2 pallets"},"content":{"rendered":"<p>Denne lastebilen kommer med et lasteplan som kan tippes og lemmer som kan felles ned p\u00e5 tre sider. Bak f\u00f8rerhuset er det ogs\u00e5 en teleskop kran som kan roteres 360\u00b0 og l\u00e5ses i \u00f8nsket posisjon. Inkludert er ogs\u00e5 to paller, gaffel for l\u00f8fting og en grabb.<\/p>\n","protected":false},"excerpt":{"rendered":"<p>Denne lastebilen kommer med et lasteplan som kan tippes og lemmer som kan felles ned p\u00e5 tre sider. Bak f\u00f8rerhuset er det ogs\u00e5 en teleskop kran som kan roteres 360\u00b0 og l\u00e5ses i \u00f8nsket posisjon. Inkludert er ogs\u00e5 to paller, gaffel for l\u00f8fting og en grabb.<\/p>\n","protected":false},"featured_media":0,"template":"","meta":{"content-type":"","_monsterinsights_skip_tracking":false,"_monsterinsights_sitenote_active":false,"_monsterinsights_sitenote_note":"","_monsterinsights_sitenote_category":0},"product_brand":[],"product_cat":[1705],"product_tag":[],"brand":[],"target-group":[],"discontinued":[],"class_list":{"0":"post-356770","1":"product","2":"type-product","3":"status-archive","5":"product_cat-bruder-leker","7":"first","8":"outofstock","9":"taxable","10":"shipping-taxable","11":"product-type-simple"},"aioseo_notices":[],"_links":{"self":[{"href":"https:\/\/games.tactic.net\/no\/wp-json\/wp\/v2\/product\/356770","targetHints":{"allow":["GET"]}}],"collection":[{"href":"https:\/\/games.tactic.net\/no\/wp-json\/wp\/v2\/product"}],"about":[{"href":"https:\/\/games.tactic.net\/no\/wp-json\/wp\/v2\/types\/product"}],"wp:attachment":[{"href":"https:\/\/games.tactic.net\/no\/wp-json\/wp\/v2\/media?parent=356770"}],"wp:term":[{"taxonomy":"product_brand","embeddable":true,"href":"https:\/\/games.tactic.net\/no\/wp-json\/wp\/v2\/product_brand?post=356770"},{"taxonomy":"product_cat","embeddable":true,"href":"https:\/\/games.tactic.net\/no\/wp-json\/wp\/v2\/product_cat?post=356770"},{"taxonomy":"product_tag","embeddable":true,"href":"https:\/\/games.tactic.net\/no\/wp-json\/wp\/v2\/product_tag?post=356770"},{"taxonomy":"brand","embeddable":true,"href":"https:\/\/games.tactic.net\/no\/wp-json\/wp\/v2\/brand?post=356770"},{"taxonomy":"target-group","embeddable":true,"href":"https:\/\/games.tactic.net\/no\/wp-json\/wp\/v2\/target-group?post=356770"},{"taxonomy":"discontinued","embeddable":true,"href":"https:\/\/games.tactic.net\/no\/wp-json\/wp\/v2\/discontinued?post=356770"}],"curies":[{"name":"wp","href":"https:\/\/api.w.org\/{rel}","templated":true}]}}