{"id":356698,"date":"2022-01-24T15:58:26","date_gmt":"2022-01-24T13:58:26","guid":{"rendered":"https:\/\/games.tactic.net\/tuote\/scania-r-series-fire-engine-slewing-ladder-waterpump-ls-module\/"},"modified":"2024-09-23T14:10:54","modified_gmt":"2024-09-23T11:10:54","slug":"scania-r-series-fire-engine-slewing-ladder-waterpump-ls-module","status":"archive","type":"product","link":"https:\/\/games.tactic.net\/no\/tuote\/scania-r-series-fire-engine-slewing-ladder-waterpump-ls-module\/","title":{"rendered":"Scania R-Series Fire engine, slewing ladder, waterpump toy"},"content":{"rendered":"<p>Denne Scania R-serie brannbilen, med stige, kommer med en integrert vanntank som er enkel \u00e5 fylle. Vannslangene kan enten rulles opp eller festes i redningskurven, den har ogs\u00e5 en spr\u00f8yte dyse. Den roterbare stigen , med redningskurv, kan forlenges og h\u00f8yden justeres ved vri p\u00e5 h\u00e5ndhjulet. Light and Sound Modulen medf\u00f8lger og gj\u00f8r at brannbilen blir enda mer virkelighetstro.<\/p>\n","protected":false},"excerpt":{"rendered":"<p>Denne Scania R-serie brannbilen, med stige, kommer med en integrert vanntank som er enkel \u00e5 fylle. Vannslangene kan enten rulles opp eller festes i redningskurven, den har ogs\u00e5 en spr\u00f8yte dyse. Den roterbare stigen , med redningskurv, kan forlenges og h\u00f8yden justeres ved vri p\u00e5 h\u00e5ndhjulet. Light and Sound Modulen medf\u00f8lger og gj\u00f8r at brannbilen blir enda mer virkelighetstro.<\/p>\n","protected":false},"featured_media":0,"template":"","meta":{"content-type":"","_monsterinsights_skip_tracking":false,"_monsterinsights_sitenote_active":false,"_monsterinsights_sitenote_note":"","_monsterinsights_sitenote_category":0},"product_brand":[],"product_cat":[1705],"product_tag":[],"brand":[],"target-group":[],"discontinued":[],"class_list":{"0":"post-356698","1":"product","2":"type-product","3":"status-archive","5":"product_cat-bruder-leker","7":"first","8":"outofstock","9":"taxable","10":"shipping-taxable","11":"product-type-simple"},"aioseo_notices":[],"_links":{"self":[{"href":"https:\/\/games.tactic.net\/no\/wp-json\/wp\/v2\/product\/356698","targetHints":{"allow":["GET"]}}],"collection":[{"href":"https:\/\/games.tactic.net\/no\/wp-json\/wp\/v2\/product"}],"about":[{"href":"https:\/\/games.tactic.net\/no\/wp-json\/wp\/v2\/types\/product"}],"wp:attachment":[{"href":"https:\/\/games.tactic.net\/no\/wp-json\/wp\/v2\/media?parent=356698"}],"wp:term":[{"taxonomy":"product_brand","embeddable":true,"href":"https:\/\/games.tactic.net\/no\/wp-json\/wp\/v2\/product_brand?post=356698"},{"taxonomy":"product_cat","embeddable":true,"href":"https:\/\/games.tactic.net\/no\/wp-json\/wp\/v2\/product_cat?post=356698"},{"taxonomy":"product_tag","embeddable":true,"href":"https:\/\/games.tactic.net\/no\/wp-json\/wp\/v2\/product_tag?post=356698"},{"taxonomy":"brand","embeddable":true,"href":"https:\/\/games.tactic.net\/no\/wp-json\/wp\/v2\/brand?post=356698"},{"taxonomy":"target-group","embeddable":true,"href":"https:\/\/games.tactic.net\/no\/wp-json\/wp\/v2\/target-group?post=356698"},{"taxonomy":"discontinued","embeddable":true,"href":"https:\/\/games.tactic.net\/no\/wp-json\/wp\/v2\/discontinued?post=356698"}],"curies":[{"name":"wp","href":"https:\/\/api.w.org\/{rel}","templated":true}]}}