{"id":356669,"date":"2022-01-24T15:58:16","date_gmt":"2022-01-24T13:58:16","guid":{"rendered":"https:\/\/games.tactic.net\/tuote\/scania-r-series-liebherr-crane-truck-and-light-sound-module\/"},"modified":"2024-11-08T11:16:24","modified_gmt":"2024-11-08T09:16:24","slug":"scania-r-series-liebherr-crane-truck-and-light-sound-module","status":"archive","type":"product","link":"https:\/\/games.tactic.net\/no\/tuote\/scania-r-series-liebherr-crane-truck-and-light-sound-module\/","title":{"rendered":"Scania R-Series Liebherr crane truck with LS toy"},"content":{"rendered":"<p>Den imponerende mobilkranen fra Liebherr rager 1,3m n\u00e5r hele l\u00f8ftearmen er ute. De nedfellbare og individuelt justerbare st\u00f8ttebena sikrer stabiliteten. Den installerte motvekten kan fylles med sand. En vinsj med l\u00e5s og overvekt beskyttelse gj\u00f8r det veldig enkelt \u00e5 styre kranens krok. Kranens f\u00f8rerhus har en velteb\u00f8yle og d\u00f8r som kan \u00e5pnes. P\u00e5 kranens plattform finnes ogs\u00e5 en verkt\u00f8ykasse. Lastebilen fra SCANIA R-serien kommer med frontrute av uknuselig polykarbonat og Light and Sound Modulen.<\/p>\n","protected":false},"excerpt":{"rendered":"<p>Den imponerende mobilkranen fra Liebherr rager 1,3m n\u00e5r hele l\u00f8ftearmen er ute. De nedfellbare og individuelt justerbare st\u00f8ttebena sikrer stabiliteten. Den installerte motvekten kan fylles med sand. En vinsj med l\u00e5s og overvekt beskyttelse gj\u00f8r det veldig enkelt \u00e5 styre kranens krok. Kranens f\u00f8rerhus har en velteb\u00f8yle og d\u00f8r som kan \u00e5pnes. P\u00e5 kranens plattform finnes ogs\u00e5 en verkt\u00f8ykasse. Lastebilen fra SCANIA R-serien kommer med frontrute av uknuselig polykarbonat og Light and Sound Modulen.<\/p>\n","protected":false},"featured_media":0,"template":"","meta":{"content-type":"","_monsterinsights_skip_tracking":false,"_monsterinsights_sitenote_active":false,"_monsterinsights_sitenote_note":"","_monsterinsights_sitenote_category":0},"product_brand":[],"product_cat":[1705],"product_tag":[],"brand":[],"target-group":[],"discontinued":[],"class_list":{"0":"post-356669","1":"product","2":"type-product","3":"status-archive","5":"product_cat-bruder-leker","7":"first","8":"outofstock","9":"taxable","10":"shipping-taxable","11":"product-type-simple"},"aioseo_notices":[],"_links":{"self":[{"href":"https:\/\/games.tactic.net\/no\/wp-json\/wp\/v2\/product\/356669","targetHints":{"allow":["GET"]}}],"collection":[{"href":"https:\/\/games.tactic.net\/no\/wp-json\/wp\/v2\/product"}],"about":[{"href":"https:\/\/games.tactic.net\/no\/wp-json\/wp\/v2\/types\/product"}],"wp:attachment":[{"href":"https:\/\/games.tactic.net\/no\/wp-json\/wp\/v2\/media?parent=356669"}],"wp:term":[{"taxonomy":"product_brand","embeddable":true,"href":"https:\/\/games.tactic.net\/no\/wp-json\/wp\/v2\/product_brand?post=356669"},{"taxonomy":"product_cat","embeddable":true,"href":"https:\/\/games.tactic.net\/no\/wp-json\/wp\/v2\/product_cat?post=356669"},{"taxonomy":"product_tag","embeddable":true,"href":"https:\/\/games.tactic.net\/no\/wp-json\/wp\/v2\/product_tag?post=356669"},{"taxonomy":"brand","embeddable":true,"href":"https:\/\/games.tactic.net\/no\/wp-json\/wp\/v2\/brand?post=356669"},{"taxonomy":"target-group","embeddable":true,"href":"https:\/\/games.tactic.net\/no\/wp-json\/wp\/v2\/target-group?post=356669"},{"taxonomy":"discontinued","embeddable":true,"href":"https:\/\/games.tactic.net\/no\/wp-json\/wp\/v2\/discontinued?post=356669"}],"curies":[{"name":"wp","href":"https:\/\/api.w.org\/{rel}","templated":true}]}}