{"id":356626,"date":"2022-01-24T15:58:06","date_gmt":"2022-01-24T13:58:06","guid":{"rendered":"https:\/\/games.tactic.net\/tuote\/scania-r-series-garbage-truck-orange\/"},"modified":"2024-08-20T10:42:58","modified_gmt":"2024-08-20T07:42:58","slug":"scania-r-series-garbage-truck-orange","status":"archive","type":"product","link":"https:\/\/games.tactic.net\/no\/tuote\/scania-r-series-garbage-truck-orange\/","title":{"rendered":"Scania R-Series Garbage truck toy"},"content":{"rendered":"<p>Lasting og t\u00f8mming av denne s\u00f8ppelbilen styres av den unike skruknott mekanismen, noe som gj\u00f8r det mulig \u00e5 t\u00f8mme to s\u00f8ppelb\u00f8tter p\u00e5 en gang! To s\u00f8ppelb\u00f8tter er inkludert.<\/p>\n","protected":false},"excerpt":{"rendered":"<p>Lasting og t\u00f8mming av denne s\u00f8ppelbilen styres av den unike skruknott mekanismen, noe som gj\u00f8r det mulig \u00e5 t\u00f8mme to s\u00f8ppelb\u00f8tter p\u00e5 en gang! To s\u00f8ppelb\u00f8tter er inkludert.<\/p>\n","protected":false},"featured_media":0,"template":"","meta":{"content-type":"","_monsterinsights_skip_tracking":false,"_monsterinsights_sitenote_active":false,"_monsterinsights_sitenote_note":"","_monsterinsights_sitenote_category":0},"product_brand":[],"product_cat":[1705],"product_tag":[],"brand":[],"target-group":[],"discontinued":[],"class_list":{"0":"post-356626","1":"product","2":"type-product","3":"status-archive","5":"product_cat-bruder-leker","7":"first","8":"outofstock","9":"taxable","10":"shipping-taxable","11":"product-type-simple"},"aioseo_notices":[],"_links":{"self":[{"href":"https:\/\/games.tactic.net\/no\/wp-json\/wp\/v2\/product\/356626","targetHints":{"allow":["GET"]}}],"collection":[{"href":"https:\/\/games.tactic.net\/no\/wp-json\/wp\/v2\/product"}],"about":[{"href":"https:\/\/games.tactic.net\/no\/wp-json\/wp\/v2\/types\/product"}],"wp:attachment":[{"href":"https:\/\/games.tactic.net\/no\/wp-json\/wp\/v2\/media?parent=356626"}],"wp:term":[{"taxonomy":"product_brand","embeddable":true,"href":"https:\/\/games.tactic.net\/no\/wp-json\/wp\/v2\/product_brand?post=356626"},{"taxonomy":"product_cat","embeddable":true,"href":"https:\/\/games.tactic.net\/no\/wp-json\/wp\/v2\/product_cat?post=356626"},{"taxonomy":"product_tag","embeddable":true,"href":"https:\/\/games.tactic.net\/no\/wp-json\/wp\/v2\/product_tag?post=356626"},{"taxonomy":"brand","embeddable":true,"href":"https:\/\/games.tactic.net\/no\/wp-json\/wp\/v2\/brand?post=356626"},{"taxonomy":"target-group","embeddable":true,"href":"https:\/\/games.tactic.net\/no\/wp-json\/wp\/v2\/target-group?post=356626"},{"taxonomy":"discontinued","embeddable":true,"href":"https:\/\/games.tactic.net\/no\/wp-json\/wp\/v2\/discontinued?post=356626"}],"curies":[{"name":"wp","href":"https:\/\/api.w.org\/{rel}","templated":true}]}}