{"id":356597,"date":"2022-01-24T15:57:56","date_gmt":"2022-01-24T13:57:56","guid":{"rendered":"https:\/\/games.tactic.net\/tuote\/scania-r-series-low-loader-truck-with-cat-bulldozer\/"},"modified":"2023-12-12T18:40:25","modified_gmt":"2023-12-12T16:40:25","slug":"scania-r-series-low-loader-truck-with-cat-bulldozer","status":"archive","type":"product","link":"https:\/\/games.tactic.net\/no\/tuote\/scania-r-series-low-loader-truck-with-cat-bulldozer\/","title":{"rendered":"Bruder Scania R-Series Low loader truck with CAT Bulldozer"},"content":{"rendered":"<p>Denne SCANIA lastebilen har mange virkelighets tro detaljer, slik som bevegelige speil og d\u00f8rer som kan \u00e5pnes. Den lave lastevognen har nedfellbare p\u00e5kj\u00f8ringsramper og l\u00e5ser for \u00e5 sikre lasten p\u00e5 best mulig m\u00e5te. Skj\u00e6ret til CATERPILLAR bulldoseren kan vippes sideveis og heves \/ senkes. Bulldoseren har ogs\u00e5 larvef\u00f8tter og en harv som kan senkes.<\/p>\n","protected":false},"excerpt":{"rendered":"<p>Denne SCANIA lastebilen har mange virkelighets tro detaljer, slik som bevegelige speil og d\u00f8rer som kan \u00e5pnes. Den lave lastevognen har nedfellbare p\u00e5kj\u00f8ringsramper og l\u00e5ser for \u00e5 sikre lasten p\u00e5 best mulig m\u00e5te. Skj\u00e6ret til CATERPILLAR bulldoseren kan vippes sideveis og heves \/ senkes. Bulldoseren har ogs\u00e5 larvef\u00f8tter og en harv som kan senkes.<\/p>\n","protected":false},"featured_media":0,"template":"","meta":{"content-type":"","_monsterinsights_skip_tracking":false,"_monsterinsights_sitenote_active":false,"_monsterinsights_sitenote_note":"","_monsterinsights_sitenote_category":0},"product_brand":[],"product_cat":[1705],"product_tag":[],"brand":[],"target-group":[],"discontinued":[],"class_list":{"0":"post-356597","1":"product","2":"type-product","3":"status-archive","5":"product_cat-bruder-leker","7":"first","8":"outofstock","9":"taxable","10":"shipping-taxable","11":"product-type-simple"},"aioseo_notices":[],"_links":{"self":[{"href":"https:\/\/games.tactic.net\/no\/wp-json\/wp\/v2\/product\/356597","targetHints":{"allow":["GET"]}}],"collection":[{"href":"https:\/\/games.tactic.net\/no\/wp-json\/wp\/v2\/product"}],"about":[{"href":"https:\/\/games.tactic.net\/no\/wp-json\/wp\/v2\/types\/product"}],"wp:attachment":[{"href":"https:\/\/games.tactic.net\/no\/wp-json\/wp\/v2\/media?parent=356597"}],"wp:term":[{"taxonomy":"product_brand","embeddable":true,"href":"https:\/\/games.tactic.net\/no\/wp-json\/wp\/v2\/product_brand?post=356597"},{"taxonomy":"product_cat","embeddable":true,"href":"https:\/\/games.tactic.net\/no\/wp-json\/wp\/v2\/product_cat?post=356597"},{"taxonomy":"product_tag","embeddable":true,"href":"https:\/\/games.tactic.net\/no\/wp-json\/wp\/v2\/product_tag?post=356597"},{"taxonomy":"brand","embeddable":true,"href":"https:\/\/games.tactic.net\/no\/wp-json\/wp\/v2\/brand?post=356597"},{"taxonomy":"target-group","embeddable":true,"href":"https:\/\/games.tactic.net\/no\/wp-json\/wp\/v2\/target-group?post=356597"},{"taxonomy":"discontinued","embeddable":true,"href":"https:\/\/games.tactic.net\/no\/wp-json\/wp\/v2\/discontinued?post=356597"}],"curies":[{"name":"wp","href":"https:\/\/api.w.org\/{rel}","templated":true}]}}