{"id":356568,"date":"2022-01-24T15:57:47","date_gmt":"2022-01-24T13:57:47","guid":{"rendered":"https:\/\/games.tactic.net\/tuote\/scania-r-series-tipper-truck\/"},"modified":"2023-11-15T09:31:14","modified_gmt":"2023-11-15T07:31:14","slug":"scania-r-series-tipper-truck","status":"archive","type":"product","link":"https:\/\/games.tactic.net\/no\/tuote\/scania-r-series-tipper-truck\/","title":{"rendered":"Bruder Scania R-Series Tipper truck"},"content":{"rendered":"<p>F\u00f8rerhuset har en frontrute laget av uknuselig polykarbonat. Speilene p\u00e5 denne SCANIA lastebilen kan beveges og d\u00f8rene \u00e5pnes. Det store og fleksible lasteplanet kan vippes og baklemmen \u00e5pnes. SCANIA lastebilen er utstyrt for de riktig store og tunge lastene med fire aksler og robuste dekk.<\/p>\n","protected":false},"excerpt":{"rendered":"<p>F\u00f8rerhuset har en frontrute laget av uknuselig polykarbonat. Speilene p\u00e5 denne SCANIA lastebilen kan beveges og d\u00f8rene \u00e5pnes. Det store og fleksible lasteplanet kan vippes og baklemmen \u00e5pnes. SCANIA lastebilen er utstyrt for de riktig store og tunge lastene med fire aksler og robuste dekk.<\/p>\n","protected":false},"featured_media":0,"template":"","meta":{"content-type":"","_monsterinsights_skip_tracking":false,"_monsterinsights_sitenote_active":false,"_monsterinsights_sitenote_note":"","_monsterinsights_sitenote_category":0},"product_brand":[],"product_cat":[1705],"product_tag":[],"brand":[],"target-group":[],"discontinued":[],"class_list":{"0":"post-356568","1":"product","2":"type-product","3":"status-archive","5":"product_cat-bruder-leker","7":"first","8":"outofstock","9":"taxable","10":"shipping-taxable","11":"product-type-simple"},"aioseo_notices":[],"_links":{"self":[{"href":"https:\/\/games.tactic.net\/no\/wp-json\/wp\/v2\/product\/356568","targetHints":{"allow":["GET"]}}],"collection":[{"href":"https:\/\/games.tactic.net\/no\/wp-json\/wp\/v2\/product"}],"about":[{"href":"https:\/\/games.tactic.net\/no\/wp-json\/wp\/v2\/types\/product"}],"wp:attachment":[{"href":"https:\/\/games.tactic.net\/no\/wp-json\/wp\/v2\/media?parent=356568"}],"wp:term":[{"taxonomy":"product_brand","embeddable":true,"href":"https:\/\/games.tactic.net\/no\/wp-json\/wp\/v2\/product_brand?post=356568"},{"taxonomy":"product_cat","embeddable":true,"href":"https:\/\/games.tactic.net\/no\/wp-json\/wp\/v2\/product_cat?post=356568"},{"taxonomy":"product_tag","embeddable":true,"href":"https:\/\/games.tactic.net\/no\/wp-json\/wp\/v2\/product_tag?post=356568"},{"taxonomy":"brand","embeddable":true,"href":"https:\/\/games.tactic.net\/no\/wp-json\/wp\/v2\/brand?post=356568"},{"taxonomy":"target-group","embeddable":true,"href":"https:\/\/games.tactic.net\/no\/wp-json\/wp\/v2\/target-group?post=356568"},{"taxonomy":"discontinued","embeddable":true,"href":"https:\/\/games.tactic.net\/no\/wp-json\/wp\/v2\/discontinued?post=356568"}],"curies":[{"name":"wp","href":"https:\/\/api.w.org\/{rel}","templated":true}]}}