{"id":356539,"date":"2022-01-24T15:57:37","date_gmt":"2022-01-24T13:57:37","guid":{"rendered":"https:\/\/games.tactic.net\/tuote\/scania-r-series-timber-truck-with-loading-crane-and-3trunks\/"},"modified":"2023-10-24T10:41:23","modified_gmt":"2023-10-24T07:41:23","slug":"scania-r-series-timber-truck-with-loading-crane-and-3trunks","status":"archive","type":"product","link":"https:\/\/games.tactic.net\/no\/tuote\/scania-r-series-timber-truck-with-loading-crane-and-3trunks\/","title":{"rendered":"Bruder Scania R-Series Timber truck with loading crane and 3trunks"},"content":{"rendered":"<p>Scania Timber Transport lastbilen har en lastekran montert bak f\u00f8rerhuset, utstyrt med en grabb til \u00e5 laste og losse t\u00f8mmeret. Andre egenskaper er stabiliseringsf\u00f8tter og kjetting p\u00e5 lastekantene. Kantene kan ogs\u00e5 felles ned s\u00e5 t\u00f8mmeret kan lastes fra siden. Lastebilen kan ogs\u00e5 t\u00f8mmes ved \u00e5 tippe lasteplanet bakover.<\/p>\n","protected":false},"excerpt":{"rendered":"<p>Scania Timber Transport lastbilen har en lastekran montert bak f\u00f8rerhuset, utstyrt med en grabb til \u00e5 laste og losse t\u00f8mmeret. Andre egenskaper er stabiliseringsf\u00f8tter og kjetting p\u00e5 lastekantene. Kantene kan ogs\u00e5 felles ned s\u00e5 t\u00f8mmeret kan lastes fra siden. Lastebilen kan ogs\u00e5 t\u00f8mmes ved \u00e5 tippe lasteplanet bakover.<\/p>\n","protected":false},"featured_media":0,"template":"","meta":{"content-type":"","_monsterinsights_skip_tracking":false,"_monsterinsights_sitenote_active":false,"_monsterinsights_sitenote_note":"","_monsterinsights_sitenote_category":0},"product_brand":[],"product_cat":[1705],"product_tag":[],"brand":[],"target-group":[],"discontinued":[],"class_list":{"0":"post-356539","1":"product","2":"type-product","3":"status-archive","5":"product_cat-bruder-leker","7":"first","8":"outofstock","9":"taxable","10":"shipping-taxable","11":"product-type-simple"},"aioseo_notices":[],"_links":{"self":[{"href":"https:\/\/games.tactic.net\/no\/wp-json\/wp\/v2\/product\/356539","targetHints":{"allow":["GET"]}}],"collection":[{"href":"https:\/\/games.tactic.net\/no\/wp-json\/wp\/v2\/product"}],"about":[{"href":"https:\/\/games.tactic.net\/no\/wp-json\/wp\/v2\/types\/product"}],"wp:attachment":[{"href":"https:\/\/games.tactic.net\/no\/wp-json\/wp\/v2\/media?parent=356539"}],"wp:term":[{"taxonomy":"product_brand","embeddable":true,"href":"https:\/\/games.tactic.net\/no\/wp-json\/wp\/v2\/product_brand?post=356539"},{"taxonomy":"product_cat","embeddable":true,"href":"https:\/\/games.tactic.net\/no\/wp-json\/wp\/v2\/product_cat?post=356539"},{"taxonomy":"product_tag","embeddable":true,"href":"https:\/\/games.tactic.net\/no\/wp-json\/wp\/v2\/product_tag?post=356539"},{"taxonomy":"brand","embeddable":true,"href":"https:\/\/games.tactic.net\/no\/wp-json\/wp\/v2\/brand?post=356539"},{"taxonomy":"target-group","embeddable":true,"href":"https:\/\/games.tactic.net\/no\/wp-json\/wp\/v2\/target-group?post=356539"},{"taxonomy":"discontinued","embeddable":true,"href":"https:\/\/games.tactic.net\/no\/wp-json\/wp\/v2\/discontinued?post=356539"}],"curies":[{"name":"wp","href":"https:\/\/api.w.org\/{rel}","templated":true}]}}