{"id":356510,"date":"2022-01-24T15:57:28","date_gmt":"2022-01-24T13:57:28","guid":{"rendered":"https:\/\/games.tactic.net\/tuote\/accessories-frontloader-premium-pro\/"},"modified":"2023-10-20T15:22:41","modified_gmt":"2023-10-20T12:22:41","slug":"accessories-frontloader-premium-pro","status":"publish","type":"product","link":"https:\/\/games.tactic.net\/no\/tuote\/accessories-frontloader-premium-pro\/","title":{"rendered":"Tilbeh\u00f8r: Frontlaster"},"content":{"rendered":"<p>Frontlaster for ettermontering. Den kan klippes p\u00e5 uten \u00e5 fjerne frontvekten. Gripene kan ogs\u00e5 tas av separat. Alle traktorer i 3000-serien (ikke inkludert) kan utstyres med frontlaster.<\/p>\n","protected":false},"excerpt":{"rendered":"<p>Frontlaster med skuff: Frontlasteren kan festes p\u00e5 traktoren uten \u00e5 ta av frontvekten. Grabben kan ogs\u00e5 demonteres separat. Denne frontlasteren passer til alle traktorer i Premium-Pro serien.<\/p>\n","protected":false},"featured_media":0,"template":"","meta":{"content-type":"","_monsterinsights_skip_tracking":false,"_monsterinsights_sitenote_active":false,"_monsterinsights_sitenote_note":"","_monsterinsights_sitenote_category":0},"product_brand":[],"product_cat":[1705],"product_tag":[],"brand":[],"target-group":[],"discontinued":[],"class_list":{"0":"post-356510","1":"product","2":"type-product","3":"status-publish","5":"product_cat-bruder-leker","7":"first","8":"instock","9":"taxable","10":"shipping-taxable","11":"product-type-simple"},"aioseo_notices":[],"_links":{"self":[{"href":"https:\/\/games.tactic.net\/no\/wp-json\/wp\/v2\/product\/356510","targetHints":{"allow":["GET"]}}],"collection":[{"href":"https:\/\/games.tactic.net\/no\/wp-json\/wp\/v2\/product"}],"about":[{"href":"https:\/\/games.tactic.net\/no\/wp-json\/wp\/v2\/types\/product"}],"wp:attachment":[{"href":"https:\/\/games.tactic.net\/no\/wp-json\/wp\/v2\/media?parent=356510"}],"wp:term":[{"taxonomy":"product_brand","embeddable":true,"href":"https:\/\/games.tactic.net\/no\/wp-json\/wp\/v2\/product_brand?post=356510"},{"taxonomy":"product_cat","embeddable":true,"href":"https:\/\/games.tactic.net\/no\/wp-json\/wp\/v2\/product_cat?post=356510"},{"taxonomy":"product_tag","embeddable":true,"href":"https:\/\/games.tactic.net\/no\/wp-json\/wp\/v2\/product_tag?post=356510"},{"taxonomy":"brand","embeddable":true,"href":"https:\/\/games.tactic.net\/no\/wp-json\/wp\/v2\/brand?post=356510"},{"taxonomy":"target-group","embeddable":true,"href":"https:\/\/games.tactic.net\/no\/wp-json\/wp\/v2\/target-group?post=356510"},{"taxonomy":"discontinued","embeddable":true,"href":"https:\/\/games.tactic.net\/no\/wp-json\/wp\/v2\/discontinued?post=356510"}],"curies":[{"name":"wp","href":"https:\/\/api.w.org\/{rel}","templated":true}]}}