{"id":356495,"date":"2022-01-24T15:57:19","date_gmt":"2022-01-24T13:57:19","guid":{"rendered":"https:\/\/games.tactic.net\/tuote\/deutz-agrotron-x720\/"},"modified":"2025-01-17T08:50:28","modified_gmt":"2025-01-17T06:50:28","slug":"deutz-agrotron-x720","status":"archive","type":"product","link":"https:\/\/games.tactic.net\/no\/tuote\/deutz-agrotron-x720\/","title":{"rendered":"Deutz Agrotron X720 tractor toy"},"content":{"rendered":"<p>Med introduksjonen av sin 03000-serie med store traktorer, klarte BRUDER \u00e5 etablere en meget vellykket produktserie av leketraktorer som ikke kan sl\u00e5s n\u00e5r det kommer til funksjonalitet og estetikk. BRUDER legger n\u00e5 til en Deutz Agrotron X720 til sin produktlinje. Akkurat som sine store traktor-&laquo;slektninger&raquo; laget av BRUDER, utmerker Deutz Agrotron X720 seg ved sin helglassede hytte med d\u00f8rer som kan \u00e5pnes, avtakbare frontvekter, off-road fullt flytende aksler og dragkoblinger med en h\u00f8ydejusterbar l\u00f8fteenhet. Takket v\u00e6re deres unike leke-\/styringssystem med et ratt som er forlenget gjennom hyttetaket, kan disse traktorene enkelt h\u00e5ndteres av barn til tross for deres helglassede hytter. Denne traktoren kan ogs\u00e5 kobles til alle landbrukshengere og utstyr som selges av BRUDER. \u00d8nsker du \u00e5 legge til en frontlaster senere, kan du ogs\u00e5 bruke frontlasteren til 03000 stortraktorserien.<\/p>\n","protected":false},"excerpt":{"rendered":"<p>Deutz Agrotron X720 skiller seg ut ved at den kommer med et glass f\u00f8rerhus, d\u00f8rer som kan \u00e5pnes, avtakbar frontvekt, fleksibel offroad aksel, h\u00f8yde regulerbart tilhengerfeste. Du kan styre traktoren gjennom f\u00f8rerhustaket med det hendige styre staget.<\/p>\n","protected":false},"featured_media":0,"template":"","meta":{"content-type":"","_monsterinsights_skip_tracking":false,"_monsterinsights_sitenote_active":false,"_monsterinsights_sitenote_note":"","_monsterinsights_sitenote_category":0},"product_brand":[],"product_cat":[1705],"product_tag":[],"brand":[],"target-group":[],"discontinued":[],"class_list":{"0":"post-356495","1":"product","2":"type-product","3":"status-archive","5":"product_cat-bruder-leker","7":"first","8":"outofstock","9":"taxable","10":"shipping-taxable","11":"product-type-simple"},"aioseo_notices":[],"_links":{"self":[{"href":"https:\/\/games.tactic.net\/no\/wp-json\/wp\/v2\/product\/356495","targetHints":{"allow":["GET"]}}],"collection":[{"href":"https:\/\/games.tactic.net\/no\/wp-json\/wp\/v2\/product"}],"about":[{"href":"https:\/\/games.tactic.net\/no\/wp-json\/wp\/v2\/types\/product"}],"wp:attachment":[{"href":"https:\/\/games.tactic.net\/no\/wp-json\/wp\/v2\/media?parent=356495"}],"wp:term":[{"taxonomy":"product_brand","embeddable":true,"href":"https:\/\/games.tactic.net\/no\/wp-json\/wp\/v2\/product_brand?post=356495"},{"taxonomy":"product_cat","embeddable":true,"href":"https:\/\/games.tactic.net\/no\/wp-json\/wp\/v2\/product_cat?post=356495"},{"taxonomy":"product_tag","embeddable":true,"href":"https:\/\/games.tactic.net\/no\/wp-json\/wp\/v2\/product_tag?post=356495"},{"taxonomy":"brand","embeddable":true,"href":"https:\/\/games.tactic.net\/no\/wp-json\/wp\/v2\/brand?post=356495"},{"taxonomy":"target-group","embeddable":true,"href":"https:\/\/games.tactic.net\/no\/wp-json\/wp\/v2\/target-group?post=356495"},{"taxonomy":"discontinued","embeddable":true,"href":"https:\/\/games.tactic.net\/no\/wp-json\/wp\/v2\/discontinued?post=356495"}],"curies":[{"name":"wp","href":"https:\/\/api.w.org\/{rel}","templated":true}]}}