{"id":356380,"date":"2022-01-24T15:56:47","date_gmt":"2022-01-24T13:56:47","guid":{"rendered":"https:\/\/games.tactic.net\/tuote\/john-deere-7930-with-frontloader\/"},"modified":"2022-10-18T14:31:48","modified_gmt":"2022-10-18T11:31:48","slug":"john-deere-7930-with-frontloader","status":"archive","type":"product","link":"https:\/\/games.tactic.net\/no\/tuote\/john-deere-7930-with-frontloader\/","title":{"rendered":"John Deere 7930 with frontloader"},"content":{"rendered":"<p>John Deere 7930 kommer med et glass f\u00f8rerhus, d\u00f8rer som kan \u00e5pnes, avtakbar frontvekt, fleksibel offroad aksel, h\u00f8yde regulerbart tilhengerfeste. Det unike lek \/ styring systemet har et ratt som forlenges ut gjennom taket. Frontlasteren er inkludert.<\/p>\n","protected":false},"excerpt":{"rendered":"<p>John Deere 7930 kommer med et glass f\u00f8rerhus, d\u00f8rer som kan \u00e5pnes, avtakbar frontvekt, fleksibel offroad aksel, h\u00f8yde regulerbart tilhengerfeste. Det unike lek \/ styring systemet har et ratt som forlenges ut gjennom taket. Frontlasteren er inkludert.<\/p>\n","protected":false},"featured_media":0,"template":"","meta":{"content-type":"","_monsterinsights_skip_tracking":false,"_monsterinsights_sitenote_active":false,"_monsterinsights_sitenote_note":"","_monsterinsights_sitenote_category":0},"product_brand":[],"product_cat":[1705],"product_tag":[],"brand":[],"target-group":[],"discontinued":[],"class_list":{"0":"post-356380","1":"product","2":"type-product","3":"status-archive","5":"product_cat-bruder-leker","7":"first","8":"outofstock","9":"taxable","10":"shipping-taxable","11":"product-type-simple"},"aioseo_notices":[],"_links":{"self":[{"href":"https:\/\/games.tactic.net\/no\/wp-json\/wp\/v2\/product\/356380","targetHints":{"allow":["GET"]}}],"collection":[{"href":"https:\/\/games.tactic.net\/no\/wp-json\/wp\/v2\/product"}],"about":[{"href":"https:\/\/games.tactic.net\/no\/wp-json\/wp\/v2\/types\/product"}],"wp:attachment":[{"href":"https:\/\/games.tactic.net\/no\/wp-json\/wp\/v2\/media?parent=356380"}],"wp:term":[{"taxonomy":"product_brand","embeddable":true,"href":"https:\/\/games.tactic.net\/no\/wp-json\/wp\/v2\/product_brand?post=356380"},{"taxonomy":"product_cat","embeddable":true,"href":"https:\/\/games.tactic.net\/no\/wp-json\/wp\/v2\/product_cat?post=356380"},{"taxonomy":"product_tag","embeddable":true,"href":"https:\/\/games.tactic.net\/no\/wp-json\/wp\/v2\/product_tag?post=356380"},{"taxonomy":"brand","embeddable":true,"href":"https:\/\/games.tactic.net\/no\/wp-json\/wp\/v2\/brand?post=356380"},{"taxonomy":"target-group","embeddable":true,"href":"https:\/\/games.tactic.net\/no\/wp-json\/wp\/v2\/target-group?post=356380"},{"taxonomy":"discontinued","embeddable":true,"href":"https:\/\/games.tactic.net\/no\/wp-json\/wp\/v2\/discontinued?post=356380"}],"curies":[{"name":"wp","href":"https:\/\/api.w.org\/{rel}","templated":true}]}}