{"id":356293,"date":"2022-01-24T15:56:17","date_gmt":"2022-01-24T13:56:17","guid":{"rendered":"https:\/\/games.tactic.net\/tuote\/massey-ferguson-7600\/"},"modified":"2023-10-20T16:45:30","modified_gmt":"2023-10-20T13:45:30","slug":"massey-ferguson-7600","status":"publish","type":"product","link":"https:\/\/games.tactic.net\/no\/tuote\/massey-ferguson-7600\/","title":{"rendered":"Bruder Massey Ferguson 7624 traktor lekesett"},"content":{"rendered":"<p>I tillegg til utmerkelsen \u00abMachine of the Year 2012\u00bb (180\u2013260 hk) p\u00e5 Agritechnica i Tyskland, vant MF 7600-serien flere internasjonale priser, blant annet \u00abTractor of the Year for Design 2012\u00bb. Ikke rart BRUDER tok denne kraftpakken inn i sin PREMIUM-PRO-linje. Modellen har glasshytte, d\u00f8rer og motorpanser som kan \u00e5pnes, og realistisk styring via styrestang gjennom taket. Pendelaksel gir smidighet, avtakbar frontvekt og frontlasterfeste gj\u00f8r traktoren til en allrounder. H\u00f8ydejusterbart tilhengerfeste passer diverse BRUDER-tilhengere og tilbeh\u00f8r \u2013 for \u00e5 gjenskape enhver arbeidssituasjon p\u00e5 g\u00e5rden.<\/p>\n","protected":false},"excerpt":{"rendered":"<p>Prisvinnende MF 7600 PREMIUM-PRO fra BRUDER! Med glasshytte, \u00e5pne d\u00f8rer, styring, terrengaksel, frontvekt og kobling til alle BRUDER-tilhengere. En ekte kraftpakke.<\/p>\n","protected":false},"featured_media":0,"template":"","meta":{"content-type":"","_monsterinsights_skip_tracking":false,"_monsterinsights_sitenote_active":false,"_monsterinsights_sitenote_note":"","_monsterinsights_sitenote_category":0},"product_brand":[],"product_cat":[1705],"product_tag":[],"brand":[],"target-group":[],"discontinued":[],"class_list":{"0":"post-356293","1":"product","2":"type-product","3":"status-publish","5":"product_cat-bruder-leker","7":"first","8":"instock","9":"taxable","10":"shipping-taxable","11":"product-type-simple"},"aioseo_notices":[],"_links":{"self":[{"href":"https:\/\/games.tactic.net\/no\/wp-json\/wp\/v2\/product\/356293","targetHints":{"allow":["GET"]}}],"collection":[{"href":"https:\/\/games.tactic.net\/no\/wp-json\/wp\/v2\/product"}],"about":[{"href":"https:\/\/games.tactic.net\/no\/wp-json\/wp\/v2\/types\/product"}],"wp:attachment":[{"href":"https:\/\/games.tactic.net\/no\/wp-json\/wp\/v2\/media?parent=356293"}],"wp:term":[{"taxonomy":"product_brand","embeddable":true,"href":"https:\/\/games.tactic.net\/no\/wp-json\/wp\/v2\/product_brand?post=356293"},{"taxonomy":"product_cat","embeddable":true,"href":"https:\/\/games.tactic.net\/no\/wp-json\/wp\/v2\/product_cat?post=356293"},{"taxonomy":"product_tag","embeddable":true,"href":"https:\/\/games.tactic.net\/no\/wp-json\/wp\/v2\/product_tag?post=356293"},{"taxonomy":"brand","embeddable":true,"href":"https:\/\/games.tactic.net\/no\/wp-json\/wp\/v2\/brand?post=356293"},{"taxonomy":"target-group","embeddable":true,"href":"https:\/\/games.tactic.net\/no\/wp-json\/wp\/v2\/target-group?post=356293"},{"taxonomy":"discontinued","embeddable":true,"href":"https:\/\/games.tactic.net\/no\/wp-json\/wp\/v2\/discontinued?post=356293"}],"curies":[{"name":"wp","href":"https:\/\/api.w.org\/{rel}","templated":true}]}}