{"id":356264,"date":"2022-01-24T15:56:06","date_gmt":"2022-01-24T13:56:06","guid":{"rendered":"https:\/\/games.tactic.net\/tuote\/claas-xerion-5000\/"},"modified":"2023-10-20T15:44:40","modified_gmt":"2023-10-20T12:44:40","slug":"claas-xerion-5000","status":"publish","type":"product","link":"https:\/\/games.tactic.net\/no\/tuote\/claas-xerion-5000\/","title":{"rendered":"Bruder Claas Xerion 5000 traktor lekesett"},"content":{"rendered":"<p>Kraften i Claas Xerion 5000 er \u00e5penbar ved f\u00f8rste blikk. Produsenten kombinerte r\u00e5 styrke med smarte l\u00f8sninger som gir mange bruksomr\u00e5der. BRUDER-modellen har roterbar hytte, styring via taket, firehjulsstyring og mulighet for &laquo;krabbestyring&raquo;. Som originalen har den d\u00f8rer som kan \u00e5pnes og h\u00f8ydejusterbar tilhengerfeste.<\/p>\n","protected":false},"excerpt":{"rendered":"<p>Claas Xerion 5000 imponerer med kraft og detaljer. Denne store BRUDER-traktoren etterligner originalen med mange justerbare funksjoner og smarte detaljer.<\/p>\n","protected":false},"featured_media":0,"template":"","meta":{"content-type":"","_monsterinsights_skip_tracking":false,"_monsterinsights_sitenote_active":false,"_monsterinsights_sitenote_note":"","_monsterinsights_sitenote_category":0},"product_brand":[],"product_cat":[1705],"product_tag":[],"brand":[],"target-group":[],"discontinued":[],"class_list":{"0":"post-356264","1":"product","2":"type-product","3":"status-publish","5":"product_cat-bruder-leker","7":"first","8":"instock","9":"taxable","10":"shipping-taxable","11":"product-type-simple"},"aioseo_notices":[],"_links":{"self":[{"href":"https:\/\/games.tactic.net\/no\/wp-json\/wp\/v2\/product\/356264","targetHints":{"allow":["GET"]}}],"collection":[{"href":"https:\/\/games.tactic.net\/no\/wp-json\/wp\/v2\/product"}],"about":[{"href":"https:\/\/games.tactic.net\/no\/wp-json\/wp\/v2\/types\/product"}],"wp:attachment":[{"href":"https:\/\/games.tactic.net\/no\/wp-json\/wp\/v2\/media?parent=356264"}],"wp:term":[{"taxonomy":"product_brand","embeddable":true,"href":"https:\/\/games.tactic.net\/no\/wp-json\/wp\/v2\/product_brand?post=356264"},{"taxonomy":"product_cat","embeddable":true,"href":"https:\/\/games.tactic.net\/no\/wp-json\/wp\/v2\/product_cat?post=356264"},{"taxonomy":"product_tag","embeddable":true,"href":"https:\/\/games.tactic.net\/no\/wp-json\/wp\/v2\/product_tag?post=356264"},{"taxonomy":"brand","embeddable":true,"href":"https:\/\/games.tactic.net\/no\/wp-json\/wp\/v2\/brand?post=356264"},{"taxonomy":"target-group","embeddable":true,"href":"https:\/\/games.tactic.net\/no\/wp-json\/wp\/v2\/target-group?post=356264"},{"taxonomy":"discontinued","embeddable":true,"href":"https:\/\/games.tactic.net\/no\/wp-json\/wp\/v2\/discontinued?post=356264"}],"curies":[{"name":"wp","href":"https:\/\/api.w.org\/{rel}","templated":true}]}}