{"id":356220,"date":"2022-01-24T15:55:47","date_gmt":"2022-01-24T13:55:47","guid":{"rendered":"https:\/\/games.tactic.net\/tuote\/accessories-light-and-sound-module-universal\/"},"modified":"2023-10-11T09:22:12","modified_gmt":"2023-10-11T06:22:12","slug":"accessories-light-and-sound-module-universal","status":"publish","type":"product","link":"https:\/\/games.tactic.net\/no\/tuote\/accessories-light-and-sound-module-universal\/","title":{"rendered":"Tilbeh\u00f8r: Lys- og lydmodul (universell)"},"content":{"rendered":"<p>Fire forskjellige funksjonelle knapper muliggj\u00f8r reproduksjon av motorlyder, politisirener samt brannvesenets sirener og til og med et ropsignal i en varighet p\u00e5 omtrent 20 sekunder. Lysfunksjonen aktiveres samtidig med tilsvarende lyd. Denne modellen gj\u00f8r det mulig \u00e5 montere to bl\u00e5 hetter (f.eks. politi), to oransje hetter (f.eks. vintertjenestekj\u00f8ret\u00f8yer) og en lesehette (f.eks. amerikanske n\u00f8detater) i en hvilken som helst kombinasjon. Lys- og lydmodulen er sv\u00e6rt allsidig takket v\u00e6re BRUDER-standardkontaktene. Leveringsomfanget inkluderer ogs\u00e5 en adapter som gj\u00f8r det mulig \u00e5 bruke lys- og lydmodulen p\u00e5 enhver lastebil med takluke. Denne adapteren har ekstra klebende overflater for \u00e5 plassere modulen p\u00e5 en hvilken som helst kj\u00f8ret\u00f8yoverflate. Emballasjen er utformet slik at du kan teste modulen f\u00f8r du kj\u00f8per.<\/p>\n","protected":false},"excerpt":{"rendered":"<p>Motion\/function: &#8211; auto switch-off function after approx. 20 seconds &#8211; the respective function is immediately switched off by pressing the button repeatedly.<\/p>\n","protected":false},"featured_media":0,"template":"","meta":{"content-type":"","_monsterinsights_skip_tracking":false,"_monsterinsights_sitenote_active":false,"_monsterinsights_sitenote_note":"","_monsterinsights_sitenote_category":0},"product_brand":[],"product_cat":[1705],"product_tag":[],"brand":[],"target-group":[],"discontinued":[],"class_list":{"0":"post-356220","1":"product","2":"type-product","3":"status-publish","5":"product_cat-bruder-leker","7":"first","8":"instock","9":"taxable","10":"shipping-taxable","11":"product-type-simple"},"aioseo_notices":[],"_links":{"self":[{"href":"https:\/\/games.tactic.net\/no\/wp-json\/wp\/v2\/product\/356220","targetHints":{"allow":["GET"]}}],"collection":[{"href":"https:\/\/games.tactic.net\/no\/wp-json\/wp\/v2\/product"}],"about":[{"href":"https:\/\/games.tactic.net\/no\/wp-json\/wp\/v2\/types\/product"}],"wp:attachment":[{"href":"https:\/\/games.tactic.net\/no\/wp-json\/wp\/v2\/media?parent=356220"}],"wp:term":[{"taxonomy":"product_brand","embeddable":true,"href":"https:\/\/games.tactic.net\/no\/wp-json\/wp\/v2\/product_brand?post=356220"},{"taxonomy":"product_cat","embeddable":true,"href":"https:\/\/games.tactic.net\/no\/wp-json\/wp\/v2\/product_cat?post=356220"},{"taxonomy":"product_tag","embeddable":true,"href":"https:\/\/games.tactic.net\/no\/wp-json\/wp\/v2\/product_tag?post=356220"},{"taxonomy":"brand","embeddable":true,"href":"https:\/\/games.tactic.net\/no\/wp-json\/wp\/v2\/brand?post=356220"},{"taxonomy":"target-group","embeddable":true,"href":"https:\/\/games.tactic.net\/no\/wp-json\/wp\/v2\/target-group?post=356220"},{"taxonomy":"discontinued","embeddable":true,"href":"https:\/\/games.tactic.net\/no\/wp-json\/wp\/v2\/discontinued?post=356220"}],"curies":[{"name":"wp","href":"https:\/\/api.w.org\/{rel}","templated":true}]}}