{"id":356205,"date":"2022-01-24T15:55:38","date_gmt":"2022-01-24T13:55:38","guid":{"rendered":"https:\/\/games.tactic.net\/tuote\/accessories-light-and-sound-module-trucks\/"},"modified":"2025-12-08T09:50:21","modified_gmt":"2025-12-08T07:50:21","slug":"accessories-light-and-sound-module-trucks","status":"archive","type":"product","link":"https:\/\/games.tactic.net\/no\/tuote\/accessories-light-and-sound-module-trucks\/","title":{"rendered":"Tilbeh\u00f8r: Lys- og lydmodul (lastebiler)"},"content":{"rendered":"<p>De fire ulike funksjonene; motorst\u00f8y, ropsignal, blinkende lys og sirenelyd kan hver utl\u00f8ses ved \u00e5 trykke p\u00e5 trykknappen. Den respektive funksjonen sl\u00e5s umiddelbart av ved \u00e5 trykke gjentatte ganger p\u00e5 knappen. Den automatiske utkoblingsfunksjonen utl\u00f8ses etter ca. 18 sekunder. 2 standard AAA-batterier er inkludert. Sirenelyden kan ogs\u00e5 byttes fra den amerikanske versjonen til den europeiske versjonen med en bryter i batterirommet. Emballasjen er utformet med \u00e5pning slik at modulen kan testes f\u00f8r kj\u00f8p. Modulen passer for alle MAN- og MB Actros-lastebiler samt Volvo-lastebiler og MB Unimogs (ikke inkludert).<\/p>\n","protected":false},"excerpt":{"rendered":"<p>Ekstra moro for leken: lys og lyd modulen lager fire ulike lyder &#8211; sirene, horn, motorlyd og blinkende lys. 2 standard AAA batterier kommer med. Sirenen kan endres fra en Amerikansk versjon til en Europeisk. Modulen passer til alle MAN og MB Actros lastebiler samt Volvo lignende lastebiler og MB Unimogs.<\/p>\n","protected":false},"featured_media":0,"template":"","meta":{"content-type":"","_monsterinsights_skip_tracking":false,"_monsterinsights_sitenote_active":false,"_monsterinsights_sitenote_note":"","_monsterinsights_sitenote_category":0},"product_brand":[],"product_cat":[1705],"product_tag":[],"brand":[],"target-group":[],"discontinued":[],"class_list":{"0":"post-356205","1":"product","2":"type-product","3":"status-archive","5":"product_cat-bruder-leker","7":"first","8":"outofstock","9":"taxable","10":"shipping-taxable","11":"product-type-simple"},"aioseo_notices":[],"_links":{"self":[{"href":"https:\/\/games.tactic.net\/no\/wp-json\/wp\/v2\/product\/356205","targetHints":{"allow":["GET"]}}],"collection":[{"href":"https:\/\/games.tactic.net\/no\/wp-json\/wp\/v2\/product"}],"about":[{"href":"https:\/\/games.tactic.net\/no\/wp-json\/wp\/v2\/types\/product"}],"wp:attachment":[{"href":"https:\/\/games.tactic.net\/no\/wp-json\/wp\/v2\/media?parent=356205"}],"wp:term":[{"taxonomy":"product_brand","embeddable":true,"href":"https:\/\/games.tactic.net\/no\/wp-json\/wp\/v2\/product_brand?post=356205"},{"taxonomy":"product_cat","embeddable":true,"href":"https:\/\/games.tactic.net\/no\/wp-json\/wp\/v2\/product_cat?post=356205"},{"taxonomy":"product_tag","embeddable":true,"href":"https:\/\/games.tactic.net\/no\/wp-json\/wp\/v2\/product_tag?post=356205"},{"taxonomy":"brand","embeddable":true,"href":"https:\/\/games.tactic.net\/no\/wp-json\/wp\/v2\/brand?post=356205"},{"taxonomy":"target-group","embeddable":true,"href":"https:\/\/games.tactic.net\/no\/wp-json\/wp\/v2\/target-group?post=356205"},{"taxonomy":"discontinued","embeddable":true,"href":"https:\/\/games.tactic.net\/no\/wp-json\/wp\/v2\/discontinued?post=356205"}],"curies":[{"name":"wp","href":"https:\/\/api.w.org\/{rel}","templated":true}]}}