{"id":356190,"date":"2022-01-24T15:55:28","date_gmt":"2022-01-24T13:55:28","guid":{"rendered":"https:\/\/games.tactic.net\/tuote\/man-tga-low-loader-truck-with-jcb-4cx-backhoe-loader\/"},"modified":"2023-10-16T09:22:00","modified_gmt":"2023-10-16T06:22:00","slug":"man-tga-low-loader-truck-with-jcb-4cx-backhoe-loader","status":"archive","type":"product","link":"https:\/\/games.tactic.net\/no\/tuote\/man-tga-low-loader-truck-with-jcb-4cx-backhoe-loader\/","title":{"rendered":"MAN TGA Lowloader med JCB 4CX traktorgraver"},"content":{"rendered":"<p>Lowloadere brukes ofte til \u00e5 l\u00f8se vanskelige transportoppgaver som transport av store anleggsmaskiner mellom byggeplasser. BRUDER introduserer et nytt kj\u00f8ret\u00f8y til denne modellserien: MAN TGA lowloader lastet med en traktorgraver, 4CX, fra den engelske produsenten JCB. Dette spennende kj\u00f8ret\u00f8yet besitter de velkjente egenskapene til MAN lowloader, som den fullt funksjonelle vendeskivekoblingen til semitraileren, sammenleggbare st\u00f8tter og kj\u00f8reramper. JCB 4CX traktorgraver kan brukes til front- og bakarbeid og f\u00f8rersetet kan roteres 360\u00b0 for dette form\u00e5let.<\/p>\n","protected":false},"excerpt":{"rendered":"<p>MAN TGA Low Loader kommer med en JCB 4CX traktorgraver p\u00e5 sin vogn. Vognen har nedfellbare p\u00e5kj\u00f8rningsramper. Traktorgraveren kan brukes til b\u00e5de graving fram og bak og det er derfor f\u00f8rersetet kan dreies 360\u00b0.<\/p>\n","protected":false},"featured_media":0,"template":"","meta":{"content-type":"","_monsterinsights_skip_tracking":false,"_monsterinsights_sitenote_active":false,"_monsterinsights_sitenote_note":"","_monsterinsights_sitenote_category":0},"product_brand":[],"product_cat":[1705],"product_tag":[],"brand":[],"target-group":[],"discontinued":[],"class_list":{"0":"post-356190","1":"product","2":"type-product","3":"status-archive","5":"product_cat-bruder-leker","7":"first","8":"outofstock","9":"taxable","10":"shipping-taxable","11":"product-type-simple"},"aioseo_notices":[],"_links":{"self":[{"href":"https:\/\/games.tactic.net\/no\/wp-json\/wp\/v2\/product\/356190","targetHints":{"allow":["GET"]}}],"collection":[{"href":"https:\/\/games.tactic.net\/no\/wp-json\/wp\/v2\/product"}],"about":[{"href":"https:\/\/games.tactic.net\/no\/wp-json\/wp\/v2\/types\/product"}],"wp:attachment":[{"href":"https:\/\/games.tactic.net\/no\/wp-json\/wp\/v2\/media?parent=356190"}],"wp:term":[{"taxonomy":"product_brand","embeddable":true,"href":"https:\/\/games.tactic.net\/no\/wp-json\/wp\/v2\/product_brand?post=356190"},{"taxonomy":"product_cat","embeddable":true,"href":"https:\/\/games.tactic.net\/no\/wp-json\/wp\/v2\/product_cat?post=356190"},{"taxonomy":"product_tag","embeddable":true,"href":"https:\/\/games.tactic.net\/no\/wp-json\/wp\/v2\/product_tag?post=356190"},{"taxonomy":"brand","embeddable":true,"href":"https:\/\/games.tactic.net\/no\/wp-json\/wp\/v2\/brand?post=356190"},{"taxonomy":"target-group","embeddable":true,"href":"https:\/\/games.tactic.net\/no\/wp-json\/wp\/v2\/target-group?post=356190"},{"taxonomy":"discontinued","embeddable":true,"href":"https:\/\/games.tactic.net\/no\/wp-json\/wp\/v2\/discontinued?post=356190"}],"curies":[{"name":"wp","href":"https:\/\/api.w.org\/{rel}","templated":true}]}}