{"id":356161,"date":"2022-01-24T15:55:19","date_gmt":"2022-01-24T13:55:19","guid":{"rendered":"https:\/\/games.tactic.net\/tuote\/man-tga-fire-engine-with-water-pump-w-light-sound-module\/"},"modified":"2023-10-20T16:38:15","modified_gmt":"2023-10-20T13:38:15","slug":"man-tga-fire-engine-with-water-pump-w-light-sound-module","status":"publish","type":"product","link":"https:\/\/games.tactic.net\/no\/tuote\/man-tga-fire-engine-with-water-pump-w-light-sound-module\/","title":{"rendered":"MAN TGA Brannbil med stige, vannpumpe og lys- og lydmodul"},"content":{"rendered":"<p>Det tippende f\u00f8rerhuset p\u00e5 MAN brannbil gir utsikt over motorblokken. Sidespeilene i f\u00f8rerhuset kan foldes inn og den integrerte vanntanken kan fylles. Vannslangen kan kveiles opp og har en fullt fungerende vannspray p\u00e5 enden. Dreieskivestigen med redningskurv kan flyttes ut med et h\u00e5ndhjul og justeres i h\u00f8yden. Fire st\u00f8tteben s\u00f8rger for stabilitet. Lys- og lydmodulen har fire forskjellige funksjoner: politihyl, motorst\u00f8y, politisirene og brannvesenets sirene. Slitebanedekk fullf\u00f8rer bildet.<\/p>\n","protected":false},"excerpt":{"rendered":"<p>F\u00f8rerhuset p\u00e5 denne MAN brannbilen kan tippes framover slik at man kan se p\u00e5 motorblokka. Bilen kommer ogs\u00e5 med en stige, med redningskurv, som kan forlenges og snurres. H\u00f8yden kan reguleres ved \u00e5 vri p\u00e5 hjulet. Den har ogs\u00e5 en vanntank samt slanger som munner ut i en funksjonell vann kanon. Fire st\u00f8tteben sikrer stabiliteten.<\/p>\n","protected":false},"featured_media":0,"template":"","meta":{"content-type":"","_monsterinsights_skip_tracking":false,"_monsterinsights_sitenote_active":false,"_monsterinsights_sitenote_note":"","_monsterinsights_sitenote_category":0},"product_brand":[],"product_cat":[1705],"product_tag":[],"brand":[],"target-group":[],"discontinued":[],"class_list":{"0":"post-356161","1":"product","2":"type-product","3":"status-publish","5":"product_cat-bruder-leker","7":"first","8":"instock","9":"taxable","10":"shipping-taxable","11":"product-type-simple"},"aioseo_notices":[],"_links":{"self":[{"href":"https:\/\/games.tactic.net\/no\/wp-json\/wp\/v2\/product\/356161","targetHints":{"allow":["GET"]}}],"collection":[{"href":"https:\/\/games.tactic.net\/no\/wp-json\/wp\/v2\/product"}],"about":[{"href":"https:\/\/games.tactic.net\/no\/wp-json\/wp\/v2\/types\/product"}],"wp:attachment":[{"href":"https:\/\/games.tactic.net\/no\/wp-json\/wp\/v2\/media?parent=356161"}],"wp:term":[{"taxonomy":"product_brand","embeddable":true,"href":"https:\/\/games.tactic.net\/no\/wp-json\/wp\/v2\/product_brand?post=356161"},{"taxonomy":"product_cat","embeddable":true,"href":"https:\/\/games.tactic.net\/no\/wp-json\/wp\/v2\/product_cat?post=356161"},{"taxonomy":"product_tag","embeddable":true,"href":"https:\/\/games.tactic.net\/no\/wp-json\/wp\/v2\/product_tag?post=356161"},{"taxonomy":"brand","embeddable":true,"href":"https:\/\/games.tactic.net\/no\/wp-json\/wp\/v2\/brand?post=356161"},{"taxonomy":"target-group","embeddable":true,"href":"https:\/\/games.tactic.net\/no\/wp-json\/wp\/v2\/target-group?post=356161"},{"taxonomy":"discontinued","embeddable":true,"href":"https:\/\/games.tactic.net\/no\/wp-json\/wp\/v2\/discontinued?post=356161"}],"curies":[{"name":"wp","href":"https:\/\/api.w.org\/{rel}","templated":true}]}}