{"id":356132,"date":"2022-01-24T15:55:09","date_gmt":"2022-01-24T13:55:09","guid":{"rendered":"https:\/\/games.tactic.net\/tuote\/man-tga-timber-truck-with-loading-crane-and-3-trunks\/"},"modified":"2023-10-20T16:39:37","modified_gmt":"2023-10-20T13:39:37","slug":"man-tga-timber-truck-with-loading-crane-and-3-trunks","status":"publish","type":"product","link":"https:\/\/games.tactic.net\/no\/tuote\/man-tga-timber-truck-with-loading-crane-and-3-trunks\/","title":{"rendered":"MAN TGA T\u00f8mmerbil med lastekran og 3 stammer"},"content":{"rendered":"<p>Det tippende f\u00f8rerhuset p\u00e5 MAN t\u00f8mmerbilen gir utsikt over motorblokken. Sidespeilene i f\u00f8rerhuset kan sl\u00e5s inn og sideveggene p\u00e5 t\u00f8mmerbilen kan sl\u00e5s opp. Den fullt fungerende lastekranen inkluderer en grabb som brukes til \u00e5 laste og losse t\u00f8mmerbilen. Tre trestammer er inkludert. Slitebanedekk fullf\u00f8rer bildet. For \u00e5 \u00f8ke leken kan MAN t\u00f8mmerbilen utstyres med lys- og lydmodulen (ikke inkludert).<\/p>\n","protected":false},"excerpt":{"rendered":"<p>F\u00f8rerhuset p\u00e5 denne MAN t\u00f8mmerbilen kan tippes framover slik at man kan se p\u00e5 motorblokka. Speilene kan beveges. Sideveggene p\u00e5 lasteplanet er nedfellbare. Kommer med en operativ kran som brukes til \u00e5 laste eller losse t\u00f8mmer p\u00e5 bilen. Tre t\u00f8mmerstokker f\u00f8lger med.<\/p>\n","protected":false},"featured_media":0,"template":"","meta":{"content-type":"","_monsterinsights_skip_tracking":false,"_monsterinsights_sitenote_active":false,"_monsterinsights_sitenote_note":"","_monsterinsights_sitenote_category":0},"product_brand":[],"product_cat":[1705],"product_tag":[],"brand":[],"target-group":[],"discontinued":[],"class_list":{"0":"post-356132","1":"product","2":"type-product","3":"status-publish","5":"product_cat-bruder-leker","7":"first","8":"instock","9":"taxable","10":"shipping-taxable","11":"product-type-simple"},"aioseo_notices":[],"_links":{"self":[{"href":"https:\/\/games.tactic.net\/no\/wp-json\/wp\/v2\/product\/356132","targetHints":{"allow":["GET"]}}],"collection":[{"href":"https:\/\/games.tactic.net\/no\/wp-json\/wp\/v2\/product"}],"about":[{"href":"https:\/\/games.tactic.net\/no\/wp-json\/wp\/v2\/types\/product"}],"wp:attachment":[{"href":"https:\/\/games.tactic.net\/no\/wp-json\/wp\/v2\/media?parent=356132"}],"wp:term":[{"taxonomy":"product_brand","embeddable":true,"href":"https:\/\/games.tactic.net\/no\/wp-json\/wp\/v2\/product_brand?post=356132"},{"taxonomy":"product_cat","embeddable":true,"href":"https:\/\/games.tactic.net\/no\/wp-json\/wp\/v2\/product_cat?post=356132"},{"taxonomy":"product_tag","embeddable":true,"href":"https:\/\/games.tactic.net\/no\/wp-json\/wp\/v2\/product_tag?post=356132"},{"taxonomy":"brand","embeddable":true,"href":"https:\/\/games.tactic.net\/no\/wp-json\/wp\/v2\/brand?post=356132"},{"taxonomy":"target-group","embeddable":true,"href":"https:\/\/games.tactic.net\/no\/wp-json\/wp\/v2\/target-group?post=356132"},{"taxonomy":"discontinued","embeddable":true,"href":"https:\/\/games.tactic.net\/no\/wp-json\/wp\/v2\/discontinued?post=356132"}],"curies":[{"name":"wp","href":"https:\/\/api.w.org\/{rel}","templated":true}]}}