{"id":356103,"date":"2022-01-24T15:54:59","date_gmt":"2022-01-24T13:54:59","guid":{"rendered":"https:\/\/games.tactic.net\/tuote\/man-tga-tip-up-truck\/"},"modified":"2023-10-20T16:40:16","modified_gmt":"2023-10-20T13:40:16","slug":"man-tga-tip-up-truck","status":"publish","type":"product","link":"https:\/\/games.tactic.net\/no\/tuote\/man-tga-tip-up-truck\/","title":{"rendered":"MAN TGA Tippbil"},"content":{"rendered":"<p>Tippef\u00f8rerhuset p\u00e5 MAN-lastebilen gir utsikt over motorblokken. Speilet til f\u00f8rerhuset kan foldes inn. Planet kan tippes og bakluken \u00e5pnes. Slitebanedekk fullf\u00f8rer bildet. For \u00e5 \u00f8ke moroa kan MAN-lastebilen med tippekran kombineres med byggeplasstilhengeren og lys- og lydmodulen (ingen del inkludert).<\/p>\n","protected":false},"excerpt":{"rendered":"<p>F\u00f8rerhuset p\u00e5 denne MAN lastebilen kan tippes framover slik at man kan se p\u00e5 motorblokka. Speilene kan beveges. Lasteplanet kan tippes og baklemmen \u00e5pnes.<\/p>\n","protected":false},"featured_media":0,"template":"","meta":{"content-type":"","_monsterinsights_skip_tracking":false,"_monsterinsights_sitenote_active":false,"_monsterinsights_sitenote_note":"","_monsterinsights_sitenote_category":0},"product_brand":[],"product_cat":[1705],"product_tag":[],"brand":[],"target-group":[],"discontinued":[],"class_list":{"0":"post-356103","1":"product","2":"type-product","3":"status-publish","5":"product_cat-bruder-leker","7":"first","8":"instock","9":"taxable","10":"shipping-taxable","11":"product-type-simple"},"aioseo_notices":[],"_links":{"self":[{"href":"https:\/\/games.tactic.net\/no\/wp-json\/wp\/v2\/product\/356103","targetHints":{"allow":["GET"]}}],"collection":[{"href":"https:\/\/games.tactic.net\/no\/wp-json\/wp\/v2\/product"}],"about":[{"href":"https:\/\/games.tactic.net\/no\/wp-json\/wp\/v2\/types\/product"}],"wp:attachment":[{"href":"https:\/\/games.tactic.net\/no\/wp-json\/wp\/v2\/media?parent=356103"}],"wp:term":[{"taxonomy":"product_brand","embeddable":true,"href":"https:\/\/games.tactic.net\/no\/wp-json\/wp\/v2\/product_brand?post=356103"},{"taxonomy":"product_cat","embeddable":true,"href":"https:\/\/games.tactic.net\/no\/wp-json\/wp\/v2\/product_cat?post=356103"},{"taxonomy":"product_tag","embeddable":true,"href":"https:\/\/games.tactic.net\/no\/wp-json\/wp\/v2\/product_tag?post=356103"},{"taxonomy":"brand","embeddable":true,"href":"https:\/\/games.tactic.net\/no\/wp-json\/wp\/v2\/brand?post=356103"},{"taxonomy":"target-group","embeddable":true,"href":"https:\/\/games.tactic.net\/no\/wp-json\/wp\/v2\/target-group?post=356103"},{"taxonomy":"discontinued","embeddable":true,"href":"https:\/\/games.tactic.net\/no\/wp-json\/wp\/v2\/discontinued?post=356103"}],"curies":[{"name":"wp","href":"https:\/\/api.w.org\/{rel}","templated":true}]}}