{"id":356045,"date":"2022-01-24T15:54:40","date_gmt":"2022-01-24T13:54:40","guid":{"rendered":"https:\/\/games.tactic.net\/tuote\/man-tga-construction-truck-and-articulated-road-loader-fr-130\/"},"modified":"2023-10-20T16:33:43","modified_gmt":"2023-10-20T13:33:43","slug":"man-tga-construction-truck-and-articulated-road-loader-fr-130","status":"publish","type":"product","link":"https:\/\/games.tactic.net\/no\/tuote\/man-tga-construction-truck-and-articulated-road-loader-fr-130\/","title":{"rendered":"MAN TGA Anleggsbil og hjullaster FR 130"},"content":{"rendered":"<p>Effektiv og rask kommunikasjon mellom sj\u00e5f\u00f8rer er forutsetningen for at arbeidet kan utf\u00f8res s\u00e5 produktivt som mulig. Dette settet inkluderer b\u00e5de MAN anleggsbil og en hjullaster slik at moroa kan begynne med en gang. Sidene p\u00e5 anleggsbilen kan foldes ned p\u00e5 tre sider for \u00e5 losse det transporterte godset i alle tre retninger. Rennen kan ogs\u00e5 tippes og l\u00e5ses. Den leddstyrte hjullasteren FR 130 har en bevegelig foraksel og en fullt funksjonell skuffearm som kan l\u00e5ses i posisjon. For \u00e5 utvide lekemulighetene kan MAN TGA anleggsbilen utstyres med lys- og lydmodulen (ikke inkludert).<\/p>\n","protected":false},"excerpt":{"rendered":"<p>Dette settet inkluderer b\u00e5de en MAN lastebil og en hjullaster slik at leken begynne med en gang! Lasteplanet kan tippes og dets lemme kan felles ned p\u00e5 tre sider. Den leddede FR 130 hjullaster har en funksjonell lastearm som kan l\u00e5ses i \u00f8nsket posisjon.<\/p>\n","protected":false},"featured_media":0,"template":"","meta":{"content-type":"","_monsterinsights_skip_tracking":false,"_monsterinsights_sitenote_active":false,"_monsterinsights_sitenote_note":"","_monsterinsights_sitenote_category":0},"product_brand":[],"product_cat":[1705],"product_tag":[],"brand":[],"target-group":[],"discontinued":[],"class_list":{"0":"post-356045","1":"product","2":"type-product","3":"status-publish","5":"product_cat-bruder-leker","7":"first","8":"instock","9":"taxable","10":"shipping-taxable","11":"product-type-simple"},"aioseo_notices":[],"_links":{"self":[{"href":"https:\/\/games.tactic.net\/no\/wp-json\/wp\/v2\/product\/356045","targetHints":{"allow":["GET"]}}],"collection":[{"href":"https:\/\/games.tactic.net\/no\/wp-json\/wp\/v2\/product"}],"about":[{"href":"https:\/\/games.tactic.net\/no\/wp-json\/wp\/v2\/types\/product"}],"wp:attachment":[{"href":"https:\/\/games.tactic.net\/no\/wp-json\/wp\/v2\/media?parent=356045"}],"wp:term":[{"taxonomy":"product_brand","embeddable":true,"href":"https:\/\/games.tactic.net\/no\/wp-json\/wp\/v2\/product_brand?post=356045"},{"taxonomy":"product_cat","embeddable":true,"href":"https:\/\/games.tactic.net\/no\/wp-json\/wp\/v2\/product_cat?post=356045"},{"taxonomy":"product_tag","embeddable":true,"href":"https:\/\/games.tactic.net\/no\/wp-json\/wp\/v2\/product_tag?post=356045"},{"taxonomy":"brand","embeddable":true,"href":"https:\/\/games.tactic.net\/no\/wp-json\/wp\/v2\/brand?post=356045"},{"taxonomy":"target-group","embeddable":true,"href":"https:\/\/games.tactic.net\/no\/wp-json\/wp\/v2\/target-group?post=356045"},{"taxonomy":"discontinued","embeddable":true,"href":"https:\/\/games.tactic.net\/no\/wp-json\/wp\/v2\/discontinued?post=356045"}],"curies":[{"name":"wp","href":"https:\/\/api.w.org\/{rel}","templated":true}]}}