{"id":356016,"date":"2022-01-24T15:54:18","date_gmt":"2022-01-24T13:54:18","guid":{"rendered":"https:\/\/games.tactic.net\/tuote\/man-tga-breakdown-truck-with-cross-country-vehicle\/"},"modified":"2023-10-11T10:06:01","modified_gmt":"2023-10-11T07:06:01","slug":"man-tga-breakdown-truck-with-cross-country-vehicle","status":"publish","type":"product","link":"https:\/\/games.tactic.net\/no\/tuote\/man-tga-breakdown-truck-with-cross-country-vehicle\/","title":{"rendered":"MAN TGA Bergingsbil med terrengkj\u00f8ret\u00f8y"},"content":{"rendered":"<p>Alle har sett denne havaribilen i aksjon mens den laster et kj\u00f8ret\u00f8y som er involvert i en ulykke og tar det med til reparasjon. For \u00e5 berge kj\u00f8ret\u00f8y kan lasteplanet fjernes og kranen kan forlenges og svinges. Den uttrekkbare hjull\u00f8fteren og lasth\u00e5ndteringsutstyret, best\u00e5ende av belter og hjulklemmer, muliggj\u00f8r sikker og rask tauing. Hjulklosser og utfoldbare st\u00f8tteben s\u00f8rger for stabilitet og profilerte dekk kompletterer bildet. Det tippende f\u00f8rerhuset p\u00e5 MAN gir utsikt over motoren og speilene i f\u00f8rerhuset kan sl\u00e5s inn. Motorpanseret p\u00e5 terrengkj\u00f8ret\u00f8yet kan ogs\u00e5 \u00e5pnes og frontruten sl\u00e5s ned.  For \u00e5 \u00f8ke moroa kan MAN TGA bilbilen utstyres med lys- og lydmodulen.<\/p>\n","protected":false},"excerpt":{"rendered":"<p>Taubilen kan ta med et kj\u00f8ret\u00f8y involvert i en ulykke og kj\u00f8re det til verkstedet. Lasteplanet kan skyves bakover og kranen kan forlenges, noe som gj\u00f8r av og p\u00e5 lastning til en lek. Inkluderer et all terreng kj\u00f8ret\u00f8y.<\/p>\n","protected":false},"featured_media":0,"template":"","meta":{"content-type":"","_monsterinsights_skip_tracking":false,"_monsterinsights_sitenote_active":false,"_monsterinsights_sitenote_note":"","_monsterinsights_sitenote_category":0},"product_brand":[],"product_cat":[1705],"product_tag":[],"brand":[],"target-group":[],"discontinued":[],"class_list":{"0":"post-356016","1":"product","2":"type-product","3":"status-publish","5":"product_cat-bruder-leker","7":"first","8":"instock","9":"taxable","10":"shipping-taxable","11":"product-type-simple"},"aioseo_notices":[],"_links":{"self":[{"href":"https:\/\/games.tactic.net\/no\/wp-json\/wp\/v2\/product\/356016","targetHints":{"allow":["GET"]}}],"collection":[{"href":"https:\/\/games.tactic.net\/no\/wp-json\/wp\/v2\/product"}],"about":[{"href":"https:\/\/games.tactic.net\/no\/wp-json\/wp\/v2\/types\/product"}],"wp:attachment":[{"href":"https:\/\/games.tactic.net\/no\/wp-json\/wp\/v2\/media?parent=356016"}],"wp:term":[{"taxonomy":"product_brand","embeddable":true,"href":"https:\/\/games.tactic.net\/no\/wp-json\/wp\/v2\/product_brand?post=356016"},{"taxonomy":"product_cat","embeddable":true,"href":"https:\/\/games.tactic.net\/no\/wp-json\/wp\/v2\/product_cat?post=356016"},{"taxonomy":"product_tag","embeddable":true,"href":"https:\/\/games.tactic.net\/no\/wp-json\/wp\/v2\/product_tag?post=356016"},{"taxonomy":"brand","embeddable":true,"href":"https:\/\/games.tactic.net\/no\/wp-json\/wp\/v2\/brand?post=356016"},{"taxonomy":"target-group","embeddable":true,"href":"https:\/\/games.tactic.net\/no\/wp-json\/wp\/v2\/target-group?post=356016"},{"taxonomy":"discontinued","embeddable":true,"href":"https:\/\/games.tactic.net\/no\/wp-json\/wp\/v2\/discontinued?post=356016"}],"curies":[{"name":"wp","href":"https:\/\/api.w.org\/{rel}","templated":true}]}}