{"id":355987,"date":"2022-01-24T15:54:09","date_gmt":"2022-01-24T13:54:09","guid":{"rendered":"https:\/\/games.tactic.net\/tuote\/man-tga-cement-mixer\/"},"modified":"2023-10-20T10:39:12","modified_gmt":"2023-10-20T07:39:12","slug":"man-tga-cement-mixer","status":"archive","type":"product","link":"https:\/\/games.tactic.net\/no\/tuote\/man-tga-cement-mixer\/","title":{"rendered":"Bruder MAN TGA Cement mixer"},"content":{"rendered":"<p>F\u00f8rerhuset p\u00e5 denne MAN betong bilen kan tippes framover slik at man kan se p\u00e5 motorblokka. Speilene kan beveges og vanntanken fylles. Beholderen har integrert miksespiral og kan snurres ved hjelp av vri p\u00e5 hjulet, sementrennen kan felles ut.<\/p>\n","protected":false},"excerpt":{"rendered":"<p>F\u00f8rerhuset p\u00e5 denne MAN betong bilen kan tippes framover slik at man kan se p\u00e5 motorblokka. Speilene kan beveges og vanntanken fylles. Beholderen har integrert miksespiral og kan snurres ved hjelp av vri p\u00e5 hjulet, sementrennen kan felles ut.<\/p>\n","protected":false},"featured_media":0,"template":"","meta":{"content-type":"","_monsterinsights_skip_tracking":false,"_monsterinsights_sitenote_active":false,"_monsterinsights_sitenote_note":"","_monsterinsights_sitenote_category":0},"product_brand":[],"product_cat":[1705],"product_tag":[],"brand":[],"target-group":[],"discontinued":[],"class_list":{"0":"post-355987","1":"product","2":"type-product","3":"status-archive","5":"product_cat-bruder-leker","7":"first","8":"outofstock","9":"taxable","10":"shipping-taxable","11":"product-type-simple"},"aioseo_notices":[],"_links":{"self":[{"href":"https:\/\/games.tactic.net\/no\/wp-json\/wp\/v2\/product\/355987","targetHints":{"allow":["GET"]}}],"collection":[{"href":"https:\/\/games.tactic.net\/no\/wp-json\/wp\/v2\/product"}],"about":[{"href":"https:\/\/games.tactic.net\/no\/wp-json\/wp\/v2\/types\/product"}],"wp:attachment":[{"href":"https:\/\/games.tactic.net\/no\/wp-json\/wp\/v2\/media?parent=355987"}],"wp:term":[{"taxonomy":"product_brand","embeddable":true,"href":"https:\/\/games.tactic.net\/no\/wp-json\/wp\/v2\/product_brand?post=355987"},{"taxonomy":"product_cat","embeddable":true,"href":"https:\/\/games.tactic.net\/no\/wp-json\/wp\/v2\/product_cat?post=355987"},{"taxonomy":"product_tag","embeddable":true,"href":"https:\/\/games.tactic.net\/no\/wp-json\/wp\/v2\/product_tag?post=355987"},{"taxonomy":"brand","embeddable":true,"href":"https:\/\/games.tactic.net\/no\/wp-json\/wp\/v2\/brand?post=355987"},{"taxonomy":"target-group","embeddable":true,"href":"https:\/\/games.tactic.net\/no\/wp-json\/wp\/v2\/target-group?post=355987"},{"taxonomy":"discontinued","embeddable":true,"href":"https:\/\/games.tactic.net\/no\/wp-json\/wp\/v2\/discontinued?post=355987"}],"curies":[{"name":"wp","href":"https:\/\/api.w.org\/{rel}","templated":true}]}}