{"id":355958,"date":"2022-01-24T15:53:58","date_gmt":"2022-01-24T13:53:58","guid":{"rendered":"https:\/\/games.tactic.net\/tuote\/land-rover-defender-one-axle-trailer-jcb-micro-excavator-worker\/"},"modified":"2023-10-20T16:10:32","modified_gmt":"2023-10-20T13:10:32","slug":"land-rover-defender-one-axle-trailer-jcb-micro-excavator-worker","status":"publish","type":"product","link":"https:\/\/games.tactic.net\/no\/tuote\/land-rover-defender-one-axle-trailer-jcb-micro-excavator-worker\/","title":{"rendered":"Land Rover Defender med enakslet tilhenger, JCB mikrograver + arbeider"},"content":{"rendered":"<p>Utrolig terrengkvalitet og tidl\u00f8s Land Rover-design kombinert med den n\u00f8yaktige JCB-mikrograveren fra den nye bworld-serien \u2013 perfekt for sm\u00e5 bygningsarbeidere. Takket v\u00e6re dens overraskende detaljer, inkludert den hevede strukturelle platen p\u00e5 motorpanseret og dens mange fullt operative funksjoner, vil v\u00e5r modell imponere b\u00e5de fans av Land Rover-merket og alle som setter pris p\u00e5 oppmerksomhet p\u00e5 detaljer. Bak- og sided\u00f8rene kan \u00e5pnes og baksetene kan tas ut. Mikrograveren som f\u00f8lger med den er ogs\u00e5 forbl\u00f8ffende tro mot detaljer. Alle figurene i bworld-serien passer godt til setet. Takket v\u00e6re det roterbare chassiset kan arbeid utf\u00f8res i hvert hj\u00f8rne av byggeplassen. Det leveres ogs\u00e5 en stiv tilhenger med bakluke og profilerte dekk.<\/p>\n","protected":false},"excerpt":{"rendered":"<p>Utrolige offroad egenskaper og tidl\u00f8s Land Rover design kombinert med en utrolig detaljert JCB minigraver, presis hva en liten anleggsarbeider beh\u00f8ver! En solid tilhenger kommer ogs\u00e5 med, samt en arbeider.<\/p>\n","protected":false},"featured_media":0,"template":"","meta":{"content-type":"","_monsterinsights_skip_tracking":false,"_monsterinsights_sitenote_active":false,"_monsterinsights_sitenote_note":"","_monsterinsights_sitenote_category":0},"product_brand":[],"product_cat":[1705],"product_tag":[],"brand":[],"target-group":[],"discontinued":[],"class_list":{"0":"post-355958","1":"product","2":"type-product","3":"status-publish","5":"product_cat-bruder-leker","7":"first","8":"outofstock","9":"taxable","10":"shipping-taxable","11":"product-type-simple"},"aioseo_notices":[],"_links":{"self":[{"href":"https:\/\/games.tactic.net\/no\/wp-json\/wp\/v2\/product\/355958","targetHints":{"allow":["GET"]}}],"collection":[{"href":"https:\/\/games.tactic.net\/no\/wp-json\/wp\/v2\/product"}],"about":[{"href":"https:\/\/games.tactic.net\/no\/wp-json\/wp\/v2\/types\/product"}],"wp:attachment":[{"href":"https:\/\/games.tactic.net\/no\/wp-json\/wp\/v2\/media?parent=355958"}],"wp:term":[{"taxonomy":"product_brand","embeddable":true,"href":"https:\/\/games.tactic.net\/no\/wp-json\/wp\/v2\/product_brand?post=355958"},{"taxonomy":"product_cat","embeddable":true,"href":"https:\/\/games.tactic.net\/no\/wp-json\/wp\/v2\/product_cat?post=355958"},{"taxonomy":"product_tag","embeddable":true,"href":"https:\/\/games.tactic.net\/no\/wp-json\/wp\/v2\/product_tag?post=355958"},{"taxonomy":"brand","embeddable":true,"href":"https:\/\/games.tactic.net\/no\/wp-json\/wp\/v2\/brand?post=355958"},{"taxonomy":"target-group","embeddable":true,"href":"https:\/\/games.tactic.net\/no\/wp-json\/wp\/v2\/target-group?post=355958"},{"taxonomy":"discontinued","embeddable":true,"href":"https:\/\/games.tactic.net\/no\/wp-json\/wp\/v2\/discontinued?post=355958"}],"curies":[{"name":"wp","href":"https:\/\/api.w.org\/{rel}","templated":true}]}}