{"id":355929,"date":"2022-01-24T15:53:47","date_gmt":"2022-01-24T13:53:47","guid":{"rendered":"https:\/\/games.tactic.net\/tuote\/land-rover-defender-station-wagon-with-horse-trailer-1-horse\/"},"modified":"2023-10-20T16:11:05","modified_gmt":"2023-10-20T13:11:05","slug":"land-rover-defender-station-wagon-with-horse-trailer-1-horse","status":"publish","type":"product","link":"https:\/\/games.tactic.net\/no\/tuote\/land-rover-defender-station-wagon-with-horse-trailer-1-horse\/","title":{"rendered":"Land Rover Defender stasjonsvogn med hestehenger + 1 hest"},"content":{"rendered":"<p>Den nye Defenderen som tilbys av BRUDER kombinerer fascinerende terrengkvaliteter med den tidl\u00f8se elegansen til Land Rovers design. Som i alle v\u00e5re kj\u00f8ret\u00f8y er hver detalj i denne nye modellen tro mot originalen. Takket v\u00e6re dens overraskende detaljer, inkludert den hevede strukturelle platen p\u00e5 motorpanseret og dens mange fullt operative funksjoner, vil modellen vi laget overbevise b\u00e5de fans av Land Rover-merket og alle som setter pris p\u00e5 oppmerksomhet p\u00e5 detaljer. I tillegg til motorpanseret, som gir utsikt over den detaljerte motorblokken, kan bak- og sided\u00f8rene \u00e5pnes, mens b\u00e5de baksetet og dragkoblingen kan tas av. Takket v\u00e6re fj\u00e6ringen p\u00e5 begge aksler, mestrer leket\u00f8ysmodellen til dette kj\u00f8ret\u00f8yet lett ethvert terreng, akkurat som dens virkelige motstykke. Dessuten er forakselen styrbar takket v\u00e6re den ekstra rattstammen (inkludert) kjent fra BRUDERs traktorserie og gj\u00f8r det derfor til en fryd \u00e5 kontrollere dette kj\u00f8ret\u00f8yet. Kj\u00f8ret\u00f8yet er ogs\u00e5 veldig attraktivt for fans av hestesport, da det kombinerer terrengegenskaper og stilig design med muligheten til \u00e5 koble til en hestehenger.<\/p>\n","protected":false},"excerpt":{"rendered":"<p>Hver detalj fra denne Land Roveren er tro til originalen og inkluderer mange funksjonelle egenskaper. Kj\u00f8ret\u00f8yet er ogs\u00e5 veldig attraktiv for mennesker som liker erkebritiske aktiviteter i og med at den kombinerer offroad egenskaper og stil full design, samt muligheten til \u00e5 dra en hestehenger. En virkelighets tro hest i rett skala f\u00f8lger med.<\/p>\n","protected":false},"featured_media":0,"template":"","meta":{"content-type":"","_monsterinsights_skip_tracking":false,"_monsterinsights_sitenote_active":false,"_monsterinsights_sitenote_note":"","_monsterinsights_sitenote_category":0},"product_brand":[],"product_cat":[1705],"product_tag":[],"brand":[],"target-group":[],"discontinued":[],"class_list":{"0":"post-355929","1":"product","2":"type-product","3":"status-publish","5":"product_cat-bruder-leker","7":"first","8":"outofstock","9":"taxable","10":"shipping-taxable","11":"product-type-simple"},"aioseo_notices":[],"_links":{"self":[{"href":"https:\/\/games.tactic.net\/no\/wp-json\/wp\/v2\/product\/355929","targetHints":{"allow":["GET"]}}],"collection":[{"href":"https:\/\/games.tactic.net\/no\/wp-json\/wp\/v2\/product"}],"about":[{"href":"https:\/\/games.tactic.net\/no\/wp-json\/wp\/v2\/types\/product"}],"wp:attachment":[{"href":"https:\/\/games.tactic.net\/no\/wp-json\/wp\/v2\/media?parent=355929"}],"wp:term":[{"taxonomy":"product_brand","embeddable":true,"href":"https:\/\/games.tactic.net\/no\/wp-json\/wp\/v2\/product_brand?post=355929"},{"taxonomy":"product_cat","embeddable":true,"href":"https:\/\/games.tactic.net\/no\/wp-json\/wp\/v2\/product_cat?post=355929"},{"taxonomy":"product_tag","embeddable":true,"href":"https:\/\/games.tactic.net\/no\/wp-json\/wp\/v2\/product_tag?post=355929"},{"taxonomy":"brand","embeddable":true,"href":"https:\/\/games.tactic.net\/no\/wp-json\/wp\/v2\/brand?post=355929"},{"taxonomy":"target-group","embeddable":true,"href":"https:\/\/games.tactic.net\/no\/wp-json\/wp\/v2\/target-group?post=355929"},{"taxonomy":"discontinued","embeddable":true,"href":"https:\/\/games.tactic.net\/no\/wp-json\/wp\/v2\/discontinued?post=355929"}],"curies":[{"name":"wp","href":"https:\/\/api.w.org\/{rel}","templated":true}]}}