{"id":355900,"date":"2022-01-24T15:53:38","date_gmt":"2022-01-24T13:53:38","guid":{"rendered":"https:\/\/games.tactic.net\/tuote\/land-rover-defender-station-wagon\/"},"modified":"2023-12-12T18:40:19","modified_gmt":"2023-12-12T16:40:19","slug":"land-rover-defender-station-wagon","status":"archive","type":"product","link":"https:\/\/games.tactic.net\/no\/tuote\/land-rover-defender-station-wagon\/","title":{"rendered":"Bruder Land Rover Defender Station Wagon"},"content":{"rendered":"<p>Panseret, bakd\u00f8ren og sided\u00f8rene kan \u00e5pnes, mens baksetet og hengerfestet kan fjernes. Takk til fj\u00e6ringer p\u00e5 begge aksler klarer dette kj\u00f8ret\u00f8yet av all slags terreng. Front akselen g\u00e5r \u00e5 styre takket v\u00e6re det ekstra styre staget.<\/p>\n","protected":false},"excerpt":{"rendered":"<p>Panseret, bakd\u00f8ren og sided\u00f8rene kan \u00e5pnes, mens baksetet og hengerfestet kan fjernes. Takk til fj\u00e6ringer p\u00e5 begge aksler klarer dette kj\u00f8ret\u00f8yet av all slags terreng. Front akselen g\u00e5r \u00e5 styre takket v\u00e6re det ekstra styre staget.<\/p>\n","protected":false},"featured_media":0,"template":"","meta":{"content-type":"","_monsterinsights_skip_tracking":false,"_monsterinsights_sitenote_active":false,"_monsterinsights_sitenote_note":"","_monsterinsights_sitenote_category":0},"product_brand":[],"product_cat":[1705],"product_tag":[],"brand":[],"target-group":[],"discontinued":[],"class_list":{"0":"post-355900","1":"product","2":"type-product","3":"status-archive","5":"product_cat-bruder-leker","7":"first","8":"outofstock","9":"taxable","10":"shipping-taxable","11":"product-type-simple"},"aioseo_notices":[],"_links":{"self":[{"href":"https:\/\/games.tactic.net\/no\/wp-json\/wp\/v2\/product\/355900","targetHints":{"allow":["GET"]}}],"collection":[{"href":"https:\/\/games.tactic.net\/no\/wp-json\/wp\/v2\/product"}],"about":[{"href":"https:\/\/games.tactic.net\/no\/wp-json\/wp\/v2\/types\/product"}],"wp:attachment":[{"href":"https:\/\/games.tactic.net\/no\/wp-json\/wp\/v2\/media?parent=355900"}],"wp:term":[{"taxonomy":"product_brand","embeddable":true,"href":"https:\/\/games.tactic.net\/no\/wp-json\/wp\/v2\/product_brand?post=355900"},{"taxonomy":"product_cat","embeddable":true,"href":"https:\/\/games.tactic.net\/no\/wp-json\/wp\/v2\/product_cat?post=355900"},{"taxonomy":"product_tag","embeddable":true,"href":"https:\/\/games.tactic.net\/no\/wp-json\/wp\/v2\/product_tag?post=355900"},{"taxonomy":"brand","embeddable":true,"href":"https:\/\/games.tactic.net\/no\/wp-json\/wp\/v2\/brand?post=355900"},{"taxonomy":"target-group","embeddable":true,"href":"https:\/\/games.tactic.net\/no\/wp-json\/wp\/v2\/target-group?post=355900"},{"taxonomy":"discontinued","embeddable":true,"href":"https:\/\/games.tactic.net\/no\/wp-json\/wp\/v2\/discontinued?post=355900"}],"curies":[{"name":"wp","href":"https:\/\/api.w.org\/{rel}","templated":true}]}}