{"id":355871,"date":"2022-01-24T15:53:28","date_gmt":"2022-01-24T13:53:28","guid":{"rendered":"https:\/\/games.tactic.net\/tuote\/accessories-plough-blade-2\/"},"modified":"2023-10-20T15:24:19","modified_gmt":"2023-10-20T12:24:19","slug":"accessories-plough-blade-2","status":"publish","type":"product","link":"https:\/\/games.tactic.net\/no\/tuote\/accessories-plough-blade-2\/","title":{"rendered":"Tilbeh\u00f8r: Plogblad"},"content":{"rendered":"<p>P\u00e5 vinterdager med tykt sn\u00f8fall bist\u00e5r kraftige hjelpere veitrafikken. BRUDER tilbyr n\u00e5 et attraktivt tilbeh\u00f8r som gir barn enda mer moro i sn\u00f8dekte landskap. Vinkelen p\u00e5 plogbladet som kan brukes p\u00e5 alle lastebiler fra BRUDER kan justeres i h\u00f8yden. Flaggene som kan festes til venstre og h\u00f8yre p\u00e5 plogbladet gir realistiske lekefunksjoner.<\/p>\n","protected":false},"excerpt":{"rendered":"<p>P\u00e5 vinterdager n\u00e5r sn\u00f8en laver ned m\u00e5 det kraftige hjelpemidler til for \u00e5 rydde veiene. Plogen gj\u00f8r det fascinerende for barna \u00e5 kj\u00f8re over sn\u00f8dekte landskap. Denne plogen passer til alle BRUDER lastebiler og dens vinkel og h\u00f8yde kan justeres.<\/p>\n","protected":false},"featured_media":0,"template":"","meta":{"content-type":"","_monsterinsights_skip_tracking":false,"_monsterinsights_sitenote_active":false,"_monsterinsights_sitenote_note":"","_monsterinsights_sitenote_category":0},"product_brand":[],"product_cat":[1705],"product_tag":[],"brand":[],"target-group":[],"discontinued":[],"class_list":{"0":"post-355871","1":"product","2":"type-product","3":"status-publish","5":"product_cat-bruder-leker","7":"first","8":"instock","9":"taxable","10":"shipping-taxable","11":"product-type-simple"},"aioseo_notices":[],"_links":{"self":[{"href":"https:\/\/games.tactic.net\/no\/wp-json\/wp\/v2\/product\/355871","targetHints":{"allow":["GET"]}}],"collection":[{"href":"https:\/\/games.tactic.net\/no\/wp-json\/wp\/v2\/product"}],"about":[{"href":"https:\/\/games.tactic.net\/no\/wp-json\/wp\/v2\/types\/product"}],"wp:attachment":[{"href":"https:\/\/games.tactic.net\/no\/wp-json\/wp\/v2\/media?parent=355871"}],"wp:term":[{"taxonomy":"product_brand","embeddable":true,"href":"https:\/\/games.tactic.net\/no\/wp-json\/wp\/v2\/product_brand?post=355871"},{"taxonomy":"product_cat","embeddable":true,"href":"https:\/\/games.tactic.net\/no\/wp-json\/wp\/v2\/product_cat?post=355871"},{"taxonomy":"product_tag","embeddable":true,"href":"https:\/\/games.tactic.net\/no\/wp-json\/wp\/v2\/product_tag?post=355871"},{"taxonomy":"brand","embeddable":true,"href":"https:\/\/games.tactic.net\/no\/wp-json\/wp\/v2\/brand?post=355871"},{"taxonomy":"target-group","embeddable":true,"href":"https:\/\/games.tactic.net\/no\/wp-json\/wp\/v2\/target-group?post=355871"},{"taxonomy":"discontinued","embeddable":true,"href":"https:\/\/games.tactic.net\/no\/wp-json\/wp\/v2\/discontinued?post=355871"}],"curies":[{"name":"wp","href":"https:\/\/api.w.org\/{rel}","templated":true}]}}