{"id":355856,"date":"2022-01-24T15:53:19","date_gmt":"2022-01-24T13:53:19","guid":{"rendered":"https:\/\/games.tactic.net\/tuote\/accessories-plough-blade\/"},"modified":"2023-10-20T15:23:56","modified_gmt":"2023-10-20T12:23:56","slug":"accessories-plough-blade","status":"publish","type":"product","link":"https:\/\/games.tactic.net\/no\/tuote\/accessories-plough-blade\/","title":{"rendered":"Tilbeh\u00f8r: Plogblad"},"content":{"rendered":"<p>V\u00e5rt fullt funksjonelle plogblad kan flyttes, justeres i h\u00f8yden og l\u00e5ses i posisjon. Den passer for alle traktorer i Profi-serien samt MB Unimogs (ikke inkludert).<\/p>\n","protected":false},"excerpt":{"rendered":"<p>Dette funksjonelle skj\u00e6ret kan flyttes, justert i h\u00f8yde og l\u00f8st i \u00f8nsket posisjon. Det passer til alle traktorer i Profi serien og MB Unimog.<\/p>\n","protected":false},"featured_media":0,"template":"","meta":{"content-type":"","_monsterinsights_skip_tracking":false,"_monsterinsights_sitenote_active":false,"_monsterinsights_sitenote_note":"","_monsterinsights_sitenote_category":0},"product_brand":[],"product_cat":[1705],"product_tag":[],"brand":[],"target-group":[],"discontinued":[],"class_list":{"0":"post-355856","1":"product","2":"type-product","3":"status-publish","5":"product_cat-bruder-leker","7":"first","8":"outofstock","9":"taxable","10":"shipping-taxable","11":"product-type-simple"},"aioseo_notices":[],"_links":{"self":[{"href":"https:\/\/games.tactic.net\/no\/wp-json\/wp\/v2\/product\/355856","targetHints":{"allow":["GET"]}}],"collection":[{"href":"https:\/\/games.tactic.net\/no\/wp-json\/wp\/v2\/product"}],"about":[{"href":"https:\/\/games.tactic.net\/no\/wp-json\/wp\/v2\/types\/product"}],"wp:attachment":[{"href":"https:\/\/games.tactic.net\/no\/wp-json\/wp\/v2\/media?parent=355856"}],"wp:term":[{"taxonomy":"product_brand","embeddable":true,"href":"https:\/\/games.tactic.net\/no\/wp-json\/wp\/v2\/product_brand?post=355856"},{"taxonomy":"product_cat","embeddable":true,"href":"https:\/\/games.tactic.net\/no\/wp-json\/wp\/v2\/product_cat?post=355856"},{"taxonomy":"product_tag","embeddable":true,"href":"https:\/\/games.tactic.net\/no\/wp-json\/wp\/v2\/product_tag?post=355856"},{"taxonomy":"brand","embeddable":true,"href":"https:\/\/games.tactic.net\/no\/wp-json\/wp\/v2\/brand?post=355856"},{"taxonomy":"target-group","embeddable":true,"href":"https:\/\/games.tactic.net\/no\/wp-json\/wp\/v2\/target-group?post=355856"},{"taxonomy":"discontinued","embeddable":true,"href":"https:\/\/games.tactic.net\/no\/wp-json\/wp\/v2\/discontinued?post=355856"}],"curies":[{"name":"wp","href":"https:\/\/api.w.org\/{rel}","templated":true}]}}