{"id":355841,"date":"2022-01-24T15:53:10","date_gmt":"2022-01-24T13:53:10","guid":{"rendered":"https:\/\/games.tactic.net\/tuote\/mb-unimog-winter-service-with-snow-plough\/"},"modified":"2023-10-20T16:51:45","modified_gmt":"2023-10-20T13:51:45","slug":"mb-unimog-winter-service-with-snow-plough","status":"publish","type":"product","link":"https:\/\/games.tactic.net\/no\/tuote\/mb-unimog-winter-service-with-snow-plough\/","title":{"rendered":"Mercedes-Benz Unimog Vinterservice med sn\u00f8plog"},"content":{"rendered":"<p>Sn\u00f8plogen til MB vinterservice Unimog kan flyttes og senkes. Silolokket kan \u00e5pnes og siloen fylles og lukkes ved \u00e5 betjene glideren. Kvernen er fullt funksjonell. Slitebanedekk fullf\u00f8rer bildet. For \u00e5 \u00f8ke moroa kan MB vinterservice Unimog med sn\u00f8plog utstyres med lys- og lydmodulen (ikke inkludert).<\/p>\n","protected":false},"excerpt":{"rendered":"<p>Sn\u00f8plogen til MB vinter service Unimog kan heves og senkes. Lokket p\u00e5 siloen kan \u00e5pnes og den kan bli fylt. Siloen stenges igjen ved hjelp av skyvehendelen. Sprederen fungerer som p\u00e5 originalen.<\/p>\n","protected":false},"featured_media":0,"template":"","meta":{"content-type":"","_monsterinsights_skip_tracking":false,"_monsterinsights_sitenote_active":false,"_monsterinsights_sitenote_note":"","_monsterinsights_sitenote_category":0},"product_brand":[],"product_cat":[1705],"product_tag":[],"brand":[],"target-group":[],"discontinued":[],"class_list":{"0":"post-355841","1":"product","2":"type-product","3":"status-publish","5":"product_cat-bruder-leker","7":"first","8":"outofstock","9":"taxable","10":"shipping-taxable","11":"product-type-simple"},"aioseo_notices":[],"_links":{"self":[{"href":"https:\/\/games.tactic.net\/no\/wp-json\/wp\/v2\/product\/355841","targetHints":{"allow":["GET"]}}],"collection":[{"href":"https:\/\/games.tactic.net\/no\/wp-json\/wp\/v2\/product"}],"about":[{"href":"https:\/\/games.tactic.net\/no\/wp-json\/wp\/v2\/types\/product"}],"wp:attachment":[{"href":"https:\/\/games.tactic.net\/no\/wp-json\/wp\/v2\/media?parent=355841"}],"wp:term":[{"taxonomy":"product_brand","embeddable":true,"href":"https:\/\/games.tactic.net\/no\/wp-json\/wp\/v2\/product_brand?post=355841"},{"taxonomy":"product_cat","embeddable":true,"href":"https:\/\/games.tactic.net\/no\/wp-json\/wp\/v2\/product_cat?post=355841"},{"taxonomy":"product_tag","embeddable":true,"href":"https:\/\/games.tactic.net\/no\/wp-json\/wp\/v2\/product_tag?post=355841"},{"taxonomy":"brand","embeddable":true,"href":"https:\/\/games.tactic.net\/no\/wp-json\/wp\/v2\/brand?post=355841"},{"taxonomy":"target-group","embeddable":true,"href":"https:\/\/games.tactic.net\/no\/wp-json\/wp\/v2\/target-group?post=355841"},{"taxonomy":"discontinued","embeddable":true,"href":"https:\/\/games.tactic.net\/no\/wp-json\/wp\/v2\/discontinued?post=355841"}],"curies":[{"name":"wp","href":"https:\/\/api.w.org\/{rel}","templated":true}]}}