{"id":355812,"date":"2022-01-24T15:53:00","date_gmt":"2022-01-24T13:53:00","guid":{"rendered":"https:\/\/games.tactic.net\/tuote\/mb-sprinter-transporter-with-cross-country-vehicle-and-l-s-module\/"},"modified":"2022-01-24T15:53:00","modified_gmt":"2022-01-24T13:53:00","slug":"mb-sprinter-transporter-with-cross-country-vehicle-and-l-s-module","status":"publish","type":"product","link":"https:\/\/games.tactic.net\/no\/tuote\/mb-sprinter-transporter-with-cross-country-vehicle-and-l-s-module\/","title":{"rendered":"MB Sprinter transporter with cross country vehicle and L  S Module"},"content":{"rendered":"<p>Ved \u00e5 bruke vinsjen kan kj\u00f8ret\u00f8y komme bort fra vanskelige situasjoner. Verkt\u00f8ykassene p\u00e5 sidene inneholder hjulklosser, og rampen kan presses direkte p\u00e5 rammen. Lysene og lydene gj\u00f8r leken ekstra spennende.<\/p>\n","protected":false},"excerpt":{"rendered":"<p>Ved \u00e5 bruke vinsjen kan kj\u00f8ret\u00f8y komme bort fra vanskelige situasjoner. Verkt\u00f8ykassene p\u00e5 sidene inneholder hjulklosser, og rampen kan presses direkte p\u00e5 rammen. Lysene og lydene gj\u00f8r leken ekstra spennende.<\/p>\n","protected":false},"featured_media":0,"template":"","meta":{"content-type":"","_monsterinsights_skip_tracking":false,"_monsterinsights_sitenote_active":false,"_monsterinsights_sitenote_note":"","_monsterinsights_sitenote_category":0},"product_brand":[],"product_cat":[1705],"product_tag":[],"brand":[],"target-group":[],"discontinued":[],"class_list":{"0":"post-355812","1":"product","2":"type-product","3":"status-publish","5":"product_cat-bruder-leker","7":"first","8":"outofstock","9":"taxable","10":"shipping-taxable","11":"product-type-simple"},"aioseo_notices":[],"_links":{"self":[{"href":"https:\/\/games.tactic.net\/no\/wp-json\/wp\/v2\/product\/355812","targetHints":{"allow":["GET"]}}],"collection":[{"href":"https:\/\/games.tactic.net\/no\/wp-json\/wp\/v2\/product"}],"about":[{"href":"https:\/\/games.tactic.net\/no\/wp-json\/wp\/v2\/types\/product"}],"wp:attachment":[{"href":"https:\/\/games.tactic.net\/no\/wp-json\/wp\/v2\/media?parent=355812"}],"wp:term":[{"taxonomy":"product_brand","embeddable":true,"href":"https:\/\/games.tactic.net\/no\/wp-json\/wp\/v2\/product_brand?post=355812"},{"taxonomy":"product_cat","embeddable":true,"href":"https:\/\/games.tactic.net\/no\/wp-json\/wp\/v2\/product_cat?post=355812"},{"taxonomy":"product_tag","embeddable":true,"href":"https:\/\/games.tactic.net\/no\/wp-json\/wp\/v2\/product_tag?post=355812"},{"taxonomy":"brand","embeddable":true,"href":"https:\/\/games.tactic.net\/no\/wp-json\/wp\/v2\/brand?post=355812"},{"taxonomy":"target-group","embeddable":true,"href":"https:\/\/games.tactic.net\/no\/wp-json\/wp\/v2\/target-group?post=355812"},{"taxonomy":"discontinued","embeddable":true,"href":"https:\/\/games.tactic.net\/no\/wp-json\/wp\/v2\/discontinued?post=355812"}],"curies":[{"name":"wp","href":"https:\/\/api.w.org\/{rel}","templated":true}]}}