{"id":355739,"date":"2022-01-24T15:52:32","date_gmt":"2022-01-24T13:52:32","guid":{"rendered":"https:\/\/games.tactic.net\/tuote\/mb-sprinter-fire-engine-with-ladder-waterpump-and-l-s-module\/"},"modified":"2023-10-02T09:27:50","modified_gmt":"2023-10-02T06:27:50","slug":"mb-sprinter-fire-engine-with-ladder-waterpump-and-l-s-module","status":"archive","type":"product","link":"https:\/\/games.tactic.net\/no\/tuote\/mb-sprinter-fire-engine-with-ladder-waterpump-and-l-s-module\/","title":{"rendered":"Bruder MB Sprinter fire engine with ladder, waterpump and L  S Module"},"content":{"rendered":"<p>Denne brannbilen har mange realistiske detaljer. Stigen kan forlenges og roteres, den har ogs\u00e5 en redningskurv og autentisk vannkanon. Den synlige vanntanken og l\u00f8fte sylinderen gj\u00f8r det \u00e5 slukke brann en lek! Nedfellbare st\u00f8tteben, ulike verkt\u00f8y kasser sammen med sirene og lys gj\u00f8r denne brannbilen til en sikker vinner hos barna.<\/p>\n","protected":false},"excerpt":{"rendered":"<p>Denne brannbilen har mange realistiske detaljer. Stigen kan forlenges og roteres, den har ogs\u00e5 en redningskurv og autentisk vannkanon. Den synlige vanntanken og l\u00f8fte sylinderen gj\u00f8r det \u00e5 slukke brann en lek! Nedfellbare st\u00f8tteben, ulike verkt\u00f8y kasser sammen med sirene og lys gj\u00f8r denne brannbilen til en sikker vinner hos barna. <\/p>\n","protected":false},"featured_media":0,"template":"","meta":{"content-type":"","_monsterinsights_skip_tracking":false,"_monsterinsights_sitenote_active":false,"_monsterinsights_sitenote_note":"","_monsterinsights_sitenote_category":0},"product_brand":[],"product_cat":[1705],"product_tag":[],"brand":[],"target-group":[],"discontinued":[],"class_list":{"0":"post-355739","1":"product","2":"type-product","3":"status-archive","5":"product_cat-bruder-leker","7":"first","8":"outofstock","9":"taxable","10":"shipping-taxable","11":"product-type-simple"},"aioseo_notices":[],"_links":{"self":[{"href":"https:\/\/games.tactic.net\/no\/wp-json\/wp\/v2\/product\/355739","targetHints":{"allow":["GET"]}}],"collection":[{"href":"https:\/\/games.tactic.net\/no\/wp-json\/wp\/v2\/product"}],"about":[{"href":"https:\/\/games.tactic.net\/no\/wp-json\/wp\/v2\/types\/product"}],"wp:attachment":[{"href":"https:\/\/games.tactic.net\/no\/wp-json\/wp\/v2\/media?parent=355739"}],"wp:term":[{"taxonomy":"product_brand","embeddable":true,"href":"https:\/\/games.tactic.net\/no\/wp-json\/wp\/v2\/product_brand?post=355739"},{"taxonomy":"product_cat","embeddable":true,"href":"https:\/\/games.tactic.net\/no\/wp-json\/wp\/v2\/product_cat?post=355739"},{"taxonomy":"product_tag","embeddable":true,"href":"https:\/\/games.tactic.net\/no\/wp-json\/wp\/v2\/product_tag?post=355739"},{"taxonomy":"brand","embeddable":true,"href":"https:\/\/games.tactic.net\/no\/wp-json\/wp\/v2\/brand?post=355739"},{"taxonomy":"target-group","embeddable":true,"href":"https:\/\/games.tactic.net\/no\/wp-json\/wp\/v2\/target-group?post=355739"},{"taxonomy":"discontinued","embeddable":true,"href":"https:\/\/games.tactic.net\/no\/wp-json\/wp\/v2\/discontinued?post=355739"}],"curies":[{"name":"wp","href":"https:\/\/api.w.org\/{rel}","templated":true}]}}