{"id":355724,"date":"2022-01-24T15:52:24","date_gmt":"2022-01-24T13:52:24","guid":{"rendered":"https:\/\/games.tactic.net\/tuote\/linde-fork-lift-h30d-with-2-pallets\/"},"modified":"2023-10-20T16:19:40","modified_gmt":"2023-10-20T13:19:40","slug":"linde-fork-lift-h30d-with-2-pallets","status":"publish","type":"product","link":"https:\/\/games.tactic.net\/no\/tuote\/linde-fork-lift-h30d-with-2-pallets\/","title":{"rendered":"Linde Gaffeltruck H30D med 2 paller"},"content":{"rendered":"<p>Linde H30D gaffeltruck er en industritruck som faktisk drives med diesel eller gass. Den imponerende originalen i Porsche-design presenterer en veldig attraktiv mal for leket\u00f8ysmodellen. Trucken er utstyrt med en to-trinns l\u00f8ftemast hvis l\u00f8fte- og tiltfunksjon kan betjenes med \u00e9n h\u00e5nd. De hydrauliske stigningssylindrene som er montert i taket brukes til \u00e5 stille inn tilt p\u00e5 l\u00f8ftemasten. Modellen har lettbetjent styring som gj\u00f8r at barn kan man\u00f8vrere en last p\u00e5 de trangeste plassene, akkurat som originalen. Gaffeltappene er justerbare og avtakbare. To europaller er inkludert. Slitebanedekk fullf\u00f8rer bildet. Ved \u00e5 bruke den vedlagte dragkoblingen kan stableren for eksempel kombineres med den enakslede tilhengeren. For \u00e5 \u00f8ke moroa kan gaffeltrucken utstyres med tilbeh\u00f8rssettet, som best\u00e5r av en kurvpall, en vinsj, pallegafler og lastepinner (ikke inkludert).<\/p>\n","protected":false},"excerpt":{"rendered":"<p>Linde H30D gaffeltruck er en industri stabler av rang. Modellen er lett styrt og er utstyrt med en l\u00f8ftemast som ved hjelp av en h\u00e5nd kan b\u00e5de l\u00f8fte og tiltes. Gaflene er justerbare og kan tas av, to Euro paller f\u00f8lger med.<\/p>\n","protected":false},"featured_media":0,"template":"","meta":{"content-type":"","_monsterinsights_skip_tracking":false,"_monsterinsights_sitenote_active":false,"_monsterinsights_sitenote_note":"","_monsterinsights_sitenote_category":0},"product_brand":[],"product_cat":[1705],"product_tag":[],"brand":[],"target-group":[],"discontinued":[],"class_list":{"0":"post-355724","1":"product","2":"type-product","3":"status-publish","5":"product_cat-bruder-leker","7":"first","8":"instock","9":"taxable","10":"shipping-taxable","11":"product-type-simple"},"aioseo_notices":[],"_links":{"self":[{"href":"https:\/\/games.tactic.net\/no\/wp-json\/wp\/v2\/product\/355724","targetHints":{"allow":["GET"]}}],"collection":[{"href":"https:\/\/games.tactic.net\/no\/wp-json\/wp\/v2\/product"}],"about":[{"href":"https:\/\/games.tactic.net\/no\/wp-json\/wp\/v2\/types\/product"}],"wp:attachment":[{"href":"https:\/\/games.tactic.net\/no\/wp-json\/wp\/v2\/media?parent=355724"}],"wp:term":[{"taxonomy":"product_brand","embeddable":true,"href":"https:\/\/games.tactic.net\/no\/wp-json\/wp\/v2\/product_brand?post=355724"},{"taxonomy":"product_cat","embeddable":true,"href":"https:\/\/games.tactic.net\/no\/wp-json\/wp\/v2\/product_cat?post=355724"},{"taxonomy":"product_tag","embeddable":true,"href":"https:\/\/games.tactic.net\/no\/wp-json\/wp\/v2\/product_tag?post=355724"},{"taxonomy":"brand","embeddable":true,"href":"https:\/\/games.tactic.net\/no\/wp-json\/wp\/v2\/brand?post=355724"},{"taxonomy":"target-group","embeddable":true,"href":"https:\/\/games.tactic.net\/no\/wp-json\/wp\/v2\/target-group?post=355724"},{"taxonomy":"discontinued","embeddable":true,"href":"https:\/\/games.tactic.net\/no\/wp-json\/wp\/v2\/discontinued?post=355724"}],"curies":[{"name":"wp","href":"https:\/\/api.w.org\/{rel}","templated":true}]}}