{"id":355681,"date":"2022-01-24T15:52:13","date_gmt":"2022-01-24T13:52:13","guid":{"rendered":"https:\/\/games.tactic.net\/tuote\/john-deere-gator-xuv-855d\/"},"modified":"2023-10-20T16:06:14","modified_gmt":"2023-10-20T13:06:14","slug":"john-deere-gator-xuv-855d","status":"publish","type":"product","link":"https:\/\/games.tactic.net\/no\/tuote\/john-deere-gator-xuv-855d\/","title":{"rendered":"John Deere Gator XUV 855D toy"},"content":{"rendered":"<p>John Deere Gator 855D er et genuint multitalent. For landbruksarbeid, som st\u00f8ttekj\u00f8ret\u00f8y for skogbruk, for kommunalt arbeid eller p\u00e5 byggeplasser \u2013 Gator er en utmerket f\u00f8lgesvenn. Denne spesielt vellykkede kombinasjonen av effektivt nyttekj\u00f8ret\u00f8y og en liten st\u00f8rrelse gj\u00f8r Gator til et ekstremt allsidig og nyttig kj\u00f8ret\u00f8y.<\/p>\n","protected":false},"excerpt":{"rendered":"<p>John Deere Gator 855D blir brukt til landbruksarbeid, hjelpe kj\u00f8ret\u00f8y i skogbruket, p\u00e5 anleggsplasser og i parker. Kombinasjonen av effektivt alt-mulig-kj\u00f8ret\u00f8y og dets liten st\u00f8rrelse gj\u00f8r at kj\u00f8ret\u00f8yet har et vidt bruksfelt. Lasteplanet kan ogs\u00e5 tippes.<\/p>\n","protected":false},"featured_media":0,"template":"","meta":{"content-type":"","_monsterinsights_skip_tracking":false,"_monsterinsights_sitenote_active":false,"_monsterinsights_sitenote_note":"","_monsterinsights_sitenote_category":0},"product_brand":[],"product_cat":[1705],"product_tag":[],"brand":[],"target-group":[],"discontinued":[],"class_list":{"0":"post-355681","1":"product","2":"type-product","3":"status-publish","5":"product_cat-bruder-leker","7":"first","8":"outofstock","9":"taxable","10":"shipping-taxable","11":"product-type-simple"},"aioseo_notices":[],"_links":{"self":[{"href":"https:\/\/games.tactic.net\/no\/wp-json\/wp\/v2\/product\/355681","targetHints":{"allow":["GET"]}}],"collection":[{"href":"https:\/\/games.tactic.net\/no\/wp-json\/wp\/v2\/product"}],"about":[{"href":"https:\/\/games.tactic.net\/no\/wp-json\/wp\/v2\/types\/product"}],"wp:attachment":[{"href":"https:\/\/games.tactic.net\/no\/wp-json\/wp\/v2\/media?parent=355681"}],"wp:term":[{"taxonomy":"product_brand","embeddable":true,"href":"https:\/\/games.tactic.net\/no\/wp-json\/wp\/v2\/product_brand?post=355681"},{"taxonomy":"product_cat","embeddable":true,"href":"https:\/\/games.tactic.net\/no\/wp-json\/wp\/v2\/product_cat?post=355681"},{"taxonomy":"product_tag","embeddable":true,"href":"https:\/\/games.tactic.net\/no\/wp-json\/wp\/v2\/product_tag?post=355681"},{"taxonomy":"brand","embeddable":true,"href":"https:\/\/games.tactic.net\/no\/wp-json\/wp\/v2\/brand?post=355681"},{"taxonomy":"target-group","embeddable":true,"href":"https:\/\/games.tactic.net\/no\/wp-json\/wp\/v2\/target-group?post=355681"},{"taxonomy":"discontinued","embeddable":true,"href":"https:\/\/games.tactic.net\/no\/wp-json\/wp\/v2\/discontinued?post=355681"}],"curies":[{"name":"wp","href":"https:\/\/api.w.org\/{rel}","templated":true}]}}