{"id":355652,"date":"2022-01-24T15:52:04","date_gmt":"2022-01-24T13:52:04","guid":{"rendered":"https:\/\/games.tactic.net\/tuote\/cat-large-track-type-tractor\/"},"modified":"2023-10-20T15:35:57","modified_gmt":"2023-10-20T12:35:57","slug":"cat-large-track-type-tractor","status":"publish","type":"product","link":"https:\/\/games.tactic.net\/no\/tuote\/cat-large-track-type-tractor\/","title":{"rendered":"CAT Bulldozer stor"},"content":{"rendered":"<p>Designet og st\u00f8rrelsen p\u00e5 den store CAT belte-type bulldoseren med sin utst\u00e5ende delta beltebane imponerer alle som ser p\u00e5 den. Da vi utviklet v\u00e5r modell, \u00f8nsket vi \u00e5 v\u00e6re tro mot dette, s\u00e5 vi skapte et imponerende leket\u00f8y og modell som er akkurat som den ekte varen. Disse maskinene brukes hovedsakelig p\u00e5 store byggeplasser og i gruveregioner for \u00e5 planere store omr\u00e5der. Spesielt \u00e5 merke seg er det fullt funksjonelle beltesporet som best\u00e5r av 62 lenker og viser ingen svakhet selv i de r\u00f8ffe, utfordrende forholdene den utsettes for daglig (sandgrav). H\u00f8yden og helningen p\u00e5 det mektige utjevningsbladet kan justeres. H\u00f8yden p\u00e5 markeringsmaskinen kan justeres. F\u00f8rerhusd\u00f8rene kan \u00e5pnes for \u00e5 slippe bworld-figurer inn i bulldoseren for \u00e5 gj\u00f8re leken akkurat som virkeligheten. Det er ingenting som hindrer sm\u00e5 barn i \u00e5 leke realistiske leker med denne kraftmaskinen p\u00e5 soverommet eller utend\u00f8rs. Byggeplasstilbeh\u00f8r er ideelt for BRUDER-kj\u00f8ret\u00f8yer.<\/p>\n","protected":false},"excerpt":{"rendered":"<p>Disse maskinene brukes som oftest til \u00e5 jevne ut store omr\u00e5der. Larvef\u00f8ttene best\u00e5r av 62 ledd og viser ingen svakhet selv i r\u00f8ffe og utfordrende omstendigheter. H\u00f8yden og vinkelen p\u00e5 det store skj\u00e6ret kan justeres.<\/p>\n","protected":false},"featured_media":0,"template":"","meta":{"content-type":"","_monsterinsights_skip_tracking":false,"_monsterinsights_sitenote_active":false,"_monsterinsights_sitenote_note":"","_monsterinsights_sitenote_category":0},"product_brand":[],"product_cat":[1705],"product_tag":[],"brand":[],"target-group":[],"discontinued":[],"class_list":{"0":"post-355652","1":"product","2":"type-product","3":"status-publish","5":"product_cat-bruder-leker","7":"first","8":"instock","9":"taxable","10":"shipping-taxable","11":"product-type-simple"},"aioseo_notices":[],"_links":{"self":[{"href":"https:\/\/games.tactic.net\/no\/wp-json\/wp\/v2\/product\/355652","targetHints":{"allow":["GET"]}}],"collection":[{"href":"https:\/\/games.tactic.net\/no\/wp-json\/wp\/v2\/product"}],"about":[{"href":"https:\/\/games.tactic.net\/no\/wp-json\/wp\/v2\/types\/product"}],"wp:attachment":[{"href":"https:\/\/games.tactic.net\/no\/wp-json\/wp\/v2\/media?parent=355652"}],"wp:term":[{"taxonomy":"product_brand","embeddable":true,"href":"https:\/\/games.tactic.net\/no\/wp-json\/wp\/v2\/product_brand?post=355652"},{"taxonomy":"product_cat","embeddable":true,"href":"https:\/\/games.tactic.net\/no\/wp-json\/wp\/v2\/product_cat?post=355652"},{"taxonomy":"product_tag","embeddable":true,"href":"https:\/\/games.tactic.net\/no\/wp-json\/wp\/v2\/product_tag?post=355652"},{"taxonomy":"brand","embeddable":true,"href":"https:\/\/games.tactic.net\/no\/wp-json\/wp\/v2\/brand?post=355652"},{"taxonomy":"target-group","embeddable":true,"href":"https:\/\/games.tactic.net\/no\/wp-json\/wp\/v2\/target-group?post=355652"},{"taxonomy":"discontinued","embeddable":true,"href":"https:\/\/games.tactic.net\/no\/wp-json\/wp\/v2\/discontinued?post=355652"}],"curies":[{"name":"wp","href":"https:\/\/api.w.org\/{rel}","templated":true}]}}