{"id":355623,"date":"2022-01-24T15:51:54","date_gmt":"2022-01-24T13:51:54","guid":{"rendered":"https:\/\/games.tactic.net\/tuote\/ausa-minidumper\/"},"modified":"2023-10-20T15:26:41","modified_gmt":"2023-10-20T12:26:41","slug":"ausa-minidumper","status":"publish","type":"product","link":"https:\/\/games.tactic.net\/no\/tuote\/ausa-minidumper\/","title":{"rendered":"AUSA Minidumper"},"content":{"rendered":"<p>BRUDER supplerer sitt meget vellykkede utvalg av sm\u00e5 anleggsmaskiner med en minidumper. Minidumpere er vanligvis kompakte maskiner med leddleddstyring som er i stand til \u00e5 transportere last p\u00e5 opptil 4 tonn over ujevnt og vanskelig tilgjengelig terreng. Takket v\u00e6re firehjulsdriften og leddstyringen er de sv\u00e6rt man\u00f8vrerbare og i stand til \u00e5 holde alle de fire hjulene p\u00e5 bakken til enhver tid. Denne nye BRUDER-modellen er modellert p\u00e5 Dumper D 350 AHG laget av det spanske selskapet AUSA. Akkurat som sin virkelige motpart, er BRUDER dumperen utstyrt med leddstyring og en tippbakke som kan roteres, og har flotte terrengegenskaper, akkurat som originalen. Kj\u00f8ret\u00f8yet leveres med en bakkobling som gj\u00f8r at den kan kombineres med en rekke slepekj\u00f8ret\u00f8yer i det omfattende BRUDER-utvalget.<\/p>\n","protected":false},"excerpt":{"rendered":"<p>Minidumperen kan transportere last opp til 4 tonn p\u00e5 ujevne og uframkommelige terreng. Akkurat som originalen har BRUDER dumperen ledd styring og tipp som kan roteres.<\/p>\n","protected":false},"featured_media":0,"template":"","meta":{"content-type":"","_monsterinsights_skip_tracking":false,"_monsterinsights_sitenote_active":false,"_monsterinsights_sitenote_note":"","_monsterinsights_sitenote_category":0},"product_brand":[],"product_cat":[1705],"product_tag":[],"brand":[],"target-group":[],"discontinued":[],"class_list":{"0":"post-355623","1":"product","2":"type-product","3":"status-publish","5":"product_cat-bruder-leker","7":"first","8":"instock","9":"taxable","10":"shipping-taxable","11":"product-type-simple"},"aioseo_notices":[],"_links":{"self":[{"href":"https:\/\/games.tactic.net\/no\/wp-json\/wp\/v2\/product\/355623","targetHints":{"allow":["GET"]}}],"collection":[{"href":"https:\/\/games.tactic.net\/no\/wp-json\/wp\/v2\/product"}],"about":[{"href":"https:\/\/games.tactic.net\/no\/wp-json\/wp\/v2\/types\/product"}],"wp:attachment":[{"href":"https:\/\/games.tactic.net\/no\/wp-json\/wp\/v2\/media?parent=355623"}],"wp:term":[{"taxonomy":"product_brand","embeddable":true,"href":"https:\/\/games.tactic.net\/no\/wp-json\/wp\/v2\/product_brand?post=355623"},{"taxonomy":"product_cat","embeddable":true,"href":"https:\/\/games.tactic.net\/no\/wp-json\/wp\/v2\/product_cat?post=355623"},{"taxonomy":"product_tag","embeddable":true,"href":"https:\/\/games.tactic.net\/no\/wp-json\/wp\/v2\/product_tag?post=355623"},{"taxonomy":"brand","embeddable":true,"href":"https:\/\/games.tactic.net\/no\/wp-json\/wp\/v2\/brand?post=355623"},{"taxonomy":"target-group","embeddable":true,"href":"https:\/\/games.tactic.net\/no\/wp-json\/wp\/v2\/target-group?post=355623"},{"taxonomy":"discontinued","embeddable":true,"href":"https:\/\/games.tactic.net\/no\/wp-json\/wp\/v2\/discontinued?post=355623"}],"curies":[{"name":"wp","href":"https:\/\/api.w.org\/{rel}","templated":true}]}}