{"id":355565,"date":"2022-01-24T15:51:36","date_gmt":"2022-01-24T13:51:36","guid":{"rendered":"https:\/\/games.tactic.net\/tuote\/cat-wheel-loader-2\/"},"modified":"2023-10-20T15:38:51","modified_gmt":"2023-10-20T12:38:51","slug":"cat-wheel-loader-2","status":"publish","type":"product","link":"https:\/\/games.tactic.net\/no\/tuote\/cat-wheel-loader-2\/","title":{"rendered":"CAT Gravemaskin med hjul"},"content":{"rendered":"<p>P\u00e5 ekte BRUDER-vis imiteres virkeligheten med den mobile gravemaskinen. De to st\u00f8ttebeina stabiliserer gravemaskinen og s\u00f8rger for at arbeidet er trygt. Den leddstyrte styringen p\u00e5 bommen gj\u00f8r det mulig \u00e5 utf\u00f8re arbeid p\u00e5 trange steder og gir utmerket allsidighet. Bommen kan l\u00e5ses i en kompakt transportstilling for veitrafikk.<\/p>\n","protected":false},"excerpt":{"rendered":"<p>Den leddede gravearmen gj\u00f8r arbeid p\u00e5 trange plasser en lek! Armen kan ogs\u00e5 l\u00e5ses i en kompakt transport posisjon for kj\u00f8ring p\u00e5 vei.<\/p>\n","protected":false},"featured_media":0,"template":"","meta":{"content-type":"","_monsterinsights_skip_tracking":false,"_monsterinsights_sitenote_active":false,"_monsterinsights_sitenote_note":"","_monsterinsights_sitenote_category":0},"product_brand":[],"product_cat":[1705],"product_tag":[],"brand":[],"target-group":[],"discontinued":[],"class_list":{"0":"post-355565","1":"product","2":"type-product","3":"status-publish","5":"product_cat-bruder-leker","7":"first","8":"instock","9":"taxable","10":"shipping-taxable","11":"product-type-simple"},"aioseo_notices":[],"_links":{"self":[{"href":"https:\/\/games.tactic.net\/no\/wp-json\/wp\/v2\/product\/355565","targetHints":{"allow":["GET"]}}],"collection":[{"href":"https:\/\/games.tactic.net\/no\/wp-json\/wp\/v2\/product"}],"about":[{"href":"https:\/\/games.tactic.net\/no\/wp-json\/wp\/v2\/types\/product"}],"wp:attachment":[{"href":"https:\/\/games.tactic.net\/no\/wp-json\/wp\/v2\/media?parent=355565"}],"wp:term":[{"taxonomy":"product_brand","embeddable":true,"href":"https:\/\/games.tactic.net\/no\/wp-json\/wp\/v2\/product_brand?post=355565"},{"taxonomy":"product_cat","embeddable":true,"href":"https:\/\/games.tactic.net\/no\/wp-json\/wp\/v2\/product_cat?post=355565"},{"taxonomy":"product_tag","embeddable":true,"href":"https:\/\/games.tactic.net\/no\/wp-json\/wp\/v2\/product_tag?post=355565"},{"taxonomy":"brand","embeddable":true,"href":"https:\/\/games.tactic.net\/no\/wp-json\/wp\/v2\/brand?post=355565"},{"taxonomy":"target-group","embeddable":true,"href":"https:\/\/games.tactic.net\/no\/wp-json\/wp\/v2\/target-group?post=355565"},{"taxonomy":"discontinued","embeddable":true,"href":"https:\/\/games.tactic.net\/no\/wp-json\/wp\/v2\/discontinued?post=355565"}],"curies":[{"name":"wp","href":"https:\/\/api.w.org\/{rel}","templated":true}]}}