{"id":355536,"date":"2022-01-24T15:51:25","date_gmt":"2022-01-24T13:51:25","guid":{"rendered":"https:\/\/games.tactic.net\/tuote\/cat-track-type-tractor\/"},"modified":"2023-10-20T15:38:04","modified_gmt":"2023-10-20T12:38:04","slug":"cat-track-type-tractor","status":"publish","type":"product","link":"https:\/\/games.tactic.net\/no\/tuote\/cat-track-type-tractor\/","title":{"rendered":"CAT Bulldozer"},"content":{"rendered":"<p>Denne typen verkt\u00f8y, referert til som en bulldozer, brukes til tung graving og rydding \u2013 selv i vanskelig terreng \u2013 opp til fin utjevning. Som innehaver av den internasjonale CATERPILLAR-lisensen for feltet lekekj\u00f8ret\u00f8y i modellst\u00f8rrelse laget av plast, introduserer BRUDER en slik 1:16-modell. P\u00e5 ekte BRUDER-vis imiteres virkeligheten med bulldozeren som har et svingbart og vippeblad for alt klarings- og nivelleringsarbeid. L\u00f8sning av bakken er ogs\u00e5 mulig med flertannspresseren, selv i utfordrende terreng. De ekte enkeltsporskoblingene gir kj\u00f8ret\u00f8yet eksepsjonelle kj\u00f8reegenskaper.<\/p>\n","protected":false},"excerpt":{"rendered":"<p>Larvef\u00f8ttene gj\u00f8r at denne bulldoseren brukes for graving og klargj\u00f8ring av ulendt terreng. Bulldoseren har et vippende skj\u00e6r for all graving og utjevnings arbeider. Vending av marken er ogs\u00e5 mulig ved hjelp av taggene p\u00e5 skj\u00e6ret. Kj\u00f8ret\u00f8yets karakteristiske bevegelse kommer av de intrikate leddene i larvef\u00f8ttene.<\/p>\n","protected":false},"featured_media":0,"template":"","meta":{"content-type":"","_monsterinsights_skip_tracking":false,"_monsterinsights_sitenote_active":false,"_monsterinsights_sitenote_note":"","_monsterinsights_sitenote_category":0},"product_brand":[],"product_cat":[1705],"product_tag":[],"brand":[],"target-group":[],"discontinued":[],"class_list":{"0":"post-355536","1":"product","2":"type-product","3":"status-publish","5":"product_cat-bruder-leker","7":"first","8":"outofstock","9":"taxable","10":"shipping-taxable","11":"product-type-simple"},"aioseo_notices":[],"_links":{"self":[{"href":"https:\/\/games.tactic.net\/no\/wp-json\/wp\/v2\/product\/355536","targetHints":{"allow":["GET"]}}],"collection":[{"href":"https:\/\/games.tactic.net\/no\/wp-json\/wp\/v2\/product"}],"about":[{"href":"https:\/\/games.tactic.net\/no\/wp-json\/wp\/v2\/types\/product"}],"wp:attachment":[{"href":"https:\/\/games.tactic.net\/no\/wp-json\/wp\/v2\/media?parent=355536"}],"wp:term":[{"taxonomy":"product_brand","embeddable":true,"href":"https:\/\/games.tactic.net\/no\/wp-json\/wp\/v2\/product_brand?post=355536"},{"taxonomy":"product_cat","embeddable":true,"href":"https:\/\/games.tactic.net\/no\/wp-json\/wp\/v2\/product_cat?post=355536"},{"taxonomy":"product_tag","embeddable":true,"href":"https:\/\/games.tactic.net\/no\/wp-json\/wp\/v2\/product_tag?post=355536"},{"taxonomy":"brand","embeddable":true,"href":"https:\/\/games.tactic.net\/no\/wp-json\/wp\/v2\/brand?post=355536"},{"taxonomy":"target-group","embeddable":true,"href":"https:\/\/games.tactic.net\/no\/wp-json\/wp\/v2\/target-group?post=355536"},{"taxonomy":"discontinued","embeddable":true,"href":"https:\/\/games.tactic.net\/no\/wp-json\/wp\/v2\/discontinued?post=355536"}],"curies":[{"name":"wp","href":"https:\/\/api.w.org\/{rel}","templated":true}]}}