{"id":355479,"date":"2022-01-24T15:51:14","date_gmt":"2022-01-24T13:51:14","guid":{"rendered":"https:\/\/games.tactic.net\/tuote\/cat-wheel-loader\/"},"modified":"2024-11-13T09:15:44","modified_gmt":"2024-11-13T07:15:44","slug":"cat-wheel-loader","status":"archive","type":"product","link":"https:\/\/games.tactic.net\/no\/tuote\/cat-wheel-loader\/","title":{"rendered":"CAT hjullaster"},"content":{"rendered":"<p>De hendige, smidige og allsidige kompakte leddstyrte hjullasterne er uunnv\u00e6rlige i konstruksjon, gruvedrift, landbruk og skogbruk. Som innehaver av den internasjonale CATERPILLAR-lisensen for feltet lekekj\u00f8ret\u00f8y i modellst\u00f8rrelse laget av plast, f\u00f8lger BRUDER opp denne utviklingen med introduksjonen av et leket\u00f8y basert p\u00e5 den originale CATERPILLAR 908-modellen, skala 1:16. P\u00e5 ekte BRUDER-vis er virkeligheten imitert med hjullasteren som har en fullt fungerende lastearm med vipp og avtakbar frontskuffe. BRUDER frontlastertilbeh\u00f8rssett er ideelt for realistisk \u00e5 utvide spekteret av lekeapplikasjoner til modellen. Hjullasteren runder av det ekstremt vellykkede \u00absm\u00e5kj\u00f8ret\u00f8y-utvalget\u00bb med nok et imponerende kj\u00f8ret\u00f8y.<\/p>\n","protected":false},"excerpt":{"rendered":"<p>CATERPILLAR 908 har en helt operativ frontarm med en vippende og avtakbar skuff. Styre leddet gj\u00f8r man\u00f8vreringen lett.<\/p>\n","protected":false},"featured_media":0,"template":"","meta":{"content-type":"","_monsterinsights_skip_tracking":false,"_monsterinsights_sitenote_active":false,"_monsterinsights_sitenote_note":"","_monsterinsights_sitenote_category":0},"product_brand":[],"product_cat":[1705],"product_tag":[],"brand":[],"target-group":[],"discontinued":[],"class_list":{"0":"post-355479","1":"product","2":"type-product","3":"status-archive","5":"product_cat-bruder-leker","7":"first","8":"outofstock","9":"taxable","10":"shipping-taxable","11":"product-type-simple"},"aioseo_notices":[],"_links":{"self":[{"href":"https:\/\/games.tactic.net\/no\/wp-json\/wp\/v2\/product\/355479","targetHints":{"allow":["GET"]}}],"collection":[{"href":"https:\/\/games.tactic.net\/no\/wp-json\/wp\/v2\/product"}],"about":[{"href":"https:\/\/games.tactic.net\/no\/wp-json\/wp\/v2\/types\/product"}],"wp:attachment":[{"href":"https:\/\/games.tactic.net\/no\/wp-json\/wp\/v2\/media?parent=355479"}],"wp:term":[{"taxonomy":"product_brand","embeddable":true,"href":"https:\/\/games.tactic.net\/no\/wp-json\/wp\/v2\/product_brand?post=355479"},{"taxonomy":"product_cat","embeddable":true,"href":"https:\/\/games.tactic.net\/no\/wp-json\/wp\/v2\/product_cat?post=355479"},{"taxonomy":"product_tag","embeddable":true,"href":"https:\/\/games.tactic.net\/no\/wp-json\/wp\/v2\/product_tag?post=355479"},{"taxonomy":"brand","embeddable":true,"href":"https:\/\/games.tactic.net\/no\/wp-json\/wp\/v2\/brand?post=355479"},{"taxonomy":"target-group","embeddable":true,"href":"https:\/\/games.tactic.net\/no\/wp-json\/wp\/v2\/target-group?post=355479"},{"taxonomy":"discontinued","embeddable":true,"href":"https:\/\/games.tactic.net\/no\/wp-json\/wp\/v2\/discontinued?post=355479"}],"curies":[{"name":"wp","href":"https:\/\/api.w.org\/{rel}","templated":true}]}}