{"id":355450,"date":"2022-01-24T15:51:05","date_gmt":"2022-01-24T13:51:05","guid":{"rendered":"https:\/\/games.tactic.net\/tuote\/cat-asphalt-drum-compactor\/"},"modified":"2023-10-20T15:33:25","modified_gmt":"2023-10-20T12:33:25","slug":"cat-asphalt-drum-compactor","status":"publish","type":"product","link":"https:\/\/games.tactic.net\/no\/tuote\/cat-asphalt-drum-compactor\/","title":{"rendered":"Bruder CAT Asfalt trommelvals lekesett"},"content":{"rendered":"<p>Cat\u00ae Asfaltvals er laget for sm\u00e5 anleggsplasser og veiarbeid. Med skarp styring har den liten svingradius og man\u00f8vrerer lett. BRUDER-modellen er en detaljert kopi med h\u00e5ndbrekk og bolter p\u00e5 valsene. Et flott supplement til BRUDERs anleggsmaskiner, som Cat\u00ae kompaktlaster (02481) eller Schaeff minigraver (02432).<\/p>\n","protected":false},"excerpt":{"rendered":"<p>Cat\u00ae asfaltvals er laget for sm\u00e5 anleggsplasser og veiarbeid. Med skarp svingradius man\u00f8vrerer den lett. Denne BRUDER-modellen er en n\u00f8yaktig miniatyr av originalen.<\/p>\n","protected":false},"featured_media":0,"template":"","meta":{"content-type":"","_monsterinsights_skip_tracking":false,"_monsterinsights_sitenote_active":false,"_monsterinsights_sitenote_note":"","_monsterinsights_sitenote_category":0},"product_brand":[],"product_cat":[1705],"product_tag":[],"brand":[],"target-group":[],"discontinued":[],"class_list":{"0":"post-355450","1":"product","2":"type-product","3":"status-publish","5":"product_cat-bruder-leker","7":"first","8":"instock","9":"taxable","10":"shipping-taxable","11":"product-type-simple"},"aioseo_notices":[],"_links":{"self":[{"href":"https:\/\/games.tactic.net\/no\/wp-json\/wp\/v2\/product\/355450","targetHints":{"allow":["GET"]}}],"collection":[{"href":"https:\/\/games.tactic.net\/no\/wp-json\/wp\/v2\/product"}],"about":[{"href":"https:\/\/games.tactic.net\/no\/wp-json\/wp\/v2\/types\/product"}],"wp:attachment":[{"href":"https:\/\/games.tactic.net\/no\/wp-json\/wp\/v2\/media?parent=355450"}],"wp:term":[{"taxonomy":"product_brand","embeddable":true,"href":"https:\/\/games.tactic.net\/no\/wp-json\/wp\/v2\/product_brand?post=355450"},{"taxonomy":"product_cat","embeddable":true,"href":"https:\/\/games.tactic.net\/no\/wp-json\/wp\/v2\/product_cat?post=355450"},{"taxonomy":"product_tag","embeddable":true,"href":"https:\/\/games.tactic.net\/no\/wp-json\/wp\/v2\/product_tag?post=355450"},{"taxonomy":"brand","embeddable":true,"href":"https:\/\/games.tactic.net\/no\/wp-json\/wp\/v2\/brand?post=355450"},{"taxonomy":"target-group","embeddable":true,"href":"https:\/\/games.tactic.net\/no\/wp-json\/wp\/v2\/target-group?post=355450"},{"taxonomy":"discontinued","embeddable":true,"href":"https:\/\/games.tactic.net\/no\/wp-json\/wp\/v2\/discontinued?post=355450"}],"curies":[{"name":"wp","href":"https:\/\/api.w.org\/{rel}","templated":true}]}}