{"id":355335,"date":"2022-01-24T15:50:34","date_gmt":"2022-01-24T13:50:34","guid":{"rendered":"https:\/\/games.tactic.net\/tuote\/jcb-4cx-backhoe-loader\/"},"modified":"2023-10-20T15:54:46","modified_gmt":"2023-10-20T12:54:46","slug":"jcb-4cx-backhoe-loader","status":"publish","type":"product","link":"https:\/\/games.tactic.net\/no\/tuote\/jcb-4cx-backhoe-loader\/","title":{"rendered":"JCB 4CX traktorgraver"},"content":{"rendered":"<p>Denne JCB traktorgraveren har en fullt funksjonell frontlaster. Gravemaskinen beveger seg opp og ned og svinger fra side til side p\u00e5 denne unike leken. Stabilisatorbena strekker seg til bakken. Setet svinger rundt, og de myke gummidekkene har ekte slitebane.<\/p>\n","protected":false},"excerpt":{"rendered":"<p>Denne traktorgraveren fra JBC har en operativ frontlaster med skuff. Gravearmen bak kan heves og senkes, den kan ogs\u00e5 svinges fra side til side p\u00e5 dette unike leket\u00f8yet. St\u00f8tte f\u00f8ttene kan forlenges ned til bakken.<\/p>\n","protected":false},"featured_media":0,"template":"","meta":{"content-type":"","_monsterinsights_skip_tracking":false,"_monsterinsights_sitenote_active":false,"_monsterinsights_sitenote_note":"","_monsterinsights_sitenote_category":0},"product_brand":[],"product_cat":[1705],"product_tag":[],"brand":[],"target-group":[],"discontinued":[],"class_list":{"0":"post-355335","1":"product","2":"type-product","3":"status-publish","5":"product_cat-bruder-leker","7":"first","8":"instock","9":"taxable","10":"shipping-taxable","11":"product-type-simple"},"aioseo_notices":[],"_links":{"self":[{"href":"https:\/\/games.tactic.net\/no\/wp-json\/wp\/v2\/product\/355335","targetHints":{"allow":["GET"]}}],"collection":[{"href":"https:\/\/games.tactic.net\/no\/wp-json\/wp\/v2\/product"}],"about":[{"href":"https:\/\/games.tactic.net\/no\/wp-json\/wp\/v2\/types\/product"}],"wp:attachment":[{"href":"https:\/\/games.tactic.net\/no\/wp-json\/wp\/v2\/media?parent=355335"}],"wp:term":[{"taxonomy":"product_brand","embeddable":true,"href":"https:\/\/games.tactic.net\/no\/wp-json\/wp\/v2\/product_brand?post=355335"},{"taxonomy":"product_cat","embeddable":true,"href":"https:\/\/games.tactic.net\/no\/wp-json\/wp\/v2\/product_cat?post=355335"},{"taxonomy":"product_tag","embeddable":true,"href":"https:\/\/games.tactic.net\/no\/wp-json\/wp\/v2\/product_tag?post=355335"},{"taxonomy":"brand","embeddable":true,"href":"https:\/\/games.tactic.net\/no\/wp-json\/wp\/v2\/brand?post=355335"},{"taxonomy":"target-group","embeddable":true,"href":"https:\/\/games.tactic.net\/no\/wp-json\/wp\/v2\/target-group?post=355335"},{"taxonomy":"discontinued","embeddable":true,"href":"https:\/\/games.tactic.net\/no\/wp-json\/wp\/v2\/discontinued?post=355335"}],"curies":[{"name":"wp","href":"https:\/\/api.w.org\/{rel}","templated":true}]}}