{"id":355306,"date":"2022-01-24T15:50:24","date_gmt":"2022-01-24T13:50:24","guid":{"rendered":"https:\/\/games.tactic.net\/tuote\/jcb-midi-cx-backhoe-loader\/"},"modified":"2023-10-20T15:59:58","modified_gmt":"2023-10-20T12:59:58","slug":"jcb-midi-cx-backhoe-loader","status":"publish","type":"product","link":"https:\/\/games.tactic.net\/no\/tuote\/jcb-midi-cx-backhoe-loader\/","title":{"rendered":"JCB MIDI CX traktorgraver"},"content":{"rendered":"<p>Gravelasteren p\u00e5 50 hk med en hastighet p\u00e5 26 km\/t, er liten, smidig og kan utstyres med klassiske jordbruksredskaper. Den kan brukes p\u00e5 store og sm\u00e5 byggeplasser og kombinerer 3 verkt\u00f8y i ett: en minigraver, en kompakt hjullaster og en kompakt traktor. Dette innovative konseptet gj\u00f8r det til et ideelt verkt\u00f8y for landskapsarbeid s\u00e5 vel som for \u00e5 fullf\u00f8re et bredt spekter av fellesoppgaver innen sivilingeni\u00f8r. De allsidige arbeidsalternativene er gjengitt i den originale BRUDER-modellen. Av denne grunn har den faktisk en fullt funksjonell (og avtakbar) frontlaster, samt en fullt brukbar og avtakbar traktorgraver med enh\u00e5ndsbetjening. To innfellbare st\u00f8ttebein sikrer lasterens stabilitet, den flytende akselen passer til ethvert terreng, og slitebanedekk fullf\u00f8rer bildet. Traktorgraveren kan utstyres med en standard traktorkobling for \u00e5 \u00f8ke leken n\u00e5r frontlasteren er l\u00f8snet, noe som gj\u00f8r at alle tilhengere og utstyr kan brukes.<\/p>\n","protected":false},"excerpt":{"rendered":"<p>Traktorgraveren er 3 verkt\u00f8y i en: en mini graver, en kompakt hjullaster og traktor. P\u00e5 grunn av dette s\u00e5 har den en helt funksjonell (og avtakbar) frontlaster med skuff og en operativ og avtakbar gravearm bak.<\/p>\n","protected":false},"featured_media":0,"template":"","meta":{"content-type":"","_monsterinsights_skip_tracking":false,"_monsterinsights_sitenote_active":false,"_monsterinsights_sitenote_note":"","_monsterinsights_sitenote_category":0},"product_brand":[],"product_cat":[1705],"product_tag":[],"brand":[],"target-group":[],"discontinued":[],"class_list":{"0":"post-355306","1":"product","2":"type-product","3":"status-publish","5":"product_cat-bruder-leker","7":"first","8":"instock","9":"taxable","10":"shipping-taxable","11":"product-type-simple"},"aioseo_notices":[],"_links":{"self":[{"href":"https:\/\/games.tactic.net\/no\/wp-json\/wp\/v2\/product\/355306","targetHints":{"allow":["GET"]}}],"collection":[{"href":"https:\/\/games.tactic.net\/no\/wp-json\/wp\/v2\/product"}],"about":[{"href":"https:\/\/games.tactic.net\/no\/wp-json\/wp\/v2\/types\/product"}],"wp:attachment":[{"href":"https:\/\/games.tactic.net\/no\/wp-json\/wp\/v2\/media?parent=355306"}],"wp:term":[{"taxonomy":"product_brand","embeddable":true,"href":"https:\/\/games.tactic.net\/no\/wp-json\/wp\/v2\/product_brand?post=355306"},{"taxonomy":"product_cat","embeddable":true,"href":"https:\/\/games.tactic.net\/no\/wp-json\/wp\/v2\/product_cat?post=355306"},{"taxonomy":"product_tag","embeddable":true,"href":"https:\/\/games.tactic.net\/no\/wp-json\/wp\/v2\/product_tag?post=355306"},{"taxonomy":"brand","embeddable":true,"href":"https:\/\/games.tactic.net\/no\/wp-json\/wp\/v2\/brand?post=355306"},{"taxonomy":"target-group","embeddable":true,"href":"https:\/\/games.tactic.net\/no\/wp-json\/wp\/v2\/target-group?post=355306"},{"taxonomy":"discontinued","embeddable":true,"href":"https:\/\/games.tactic.net\/no\/wp-json\/wp\/v2\/discontinued?post=355306"}],"curies":[{"name":"wp","href":"https:\/\/api.w.org\/{rel}","templated":true}]}}