{"id":355277,"date":"2022-01-24T15:50:15","date_gmt":"2022-01-24T13:50:15","guid":{"rendered":"https:\/\/games.tactic.net\/tuote\/liebherr-excavator\/"},"modified":"2023-10-20T16:19:11","modified_gmt":"2023-10-20T13:19:11","slug":"liebherr-excavator","status":"publish","type":"product","link":"https:\/\/games.tactic.net\/no\/tuote\/liebherr-excavator\/","title":{"rendered":"Liebherr gravemaskin"},"content":{"rendered":"<p>Gravearmen til Liebherr gravemaskin er fullt funksjonell ved \u00e5 trykke p\u00e5 den manuelle spaken, og f\u00f8rerhuset og armen kan dreies 360\u00b0 p\u00e5 chassiset. De to st\u00f8ttebeina s\u00f8rger for stabilitet.<\/p>\n","protected":false},"excerpt":{"rendered":"<p>Denne gravemaskinen fra Liebherr har en funksjonell arm som styres med den manuelle spaken. F\u00f8rerhuset og armen kan roteres 360\u00b0 p\u00e5 rammen og de to st\u00f8tte f\u00f8ttene gir stabilitet.<\/p>\n","protected":false},"featured_media":0,"template":"","meta":{"content-type":"","_monsterinsights_skip_tracking":false,"_monsterinsights_sitenote_active":false,"_monsterinsights_sitenote_note":"","_monsterinsights_sitenote_category":0},"product_brand":[],"product_cat":[1705],"product_tag":[],"brand":[],"target-group":[],"discontinued":[],"class_list":{"0":"post-355277","1":"product","2":"type-product","3":"status-publish","5":"product_cat-bruder-leker","7":"first","8":"instock","9":"taxable","10":"shipping-taxable","11":"product-type-simple"},"aioseo_notices":[],"_links":{"self":[{"href":"https:\/\/games.tactic.net\/no\/wp-json\/wp\/v2\/product\/355277","targetHints":{"allow":["GET"]}}],"collection":[{"href":"https:\/\/games.tactic.net\/no\/wp-json\/wp\/v2\/product"}],"about":[{"href":"https:\/\/games.tactic.net\/no\/wp-json\/wp\/v2\/types\/product"}],"wp:attachment":[{"href":"https:\/\/games.tactic.net\/no\/wp-json\/wp\/v2\/media?parent=355277"}],"wp:term":[{"taxonomy":"product_brand","embeddable":true,"href":"https:\/\/games.tactic.net\/no\/wp-json\/wp\/v2\/product_brand?post=355277"},{"taxonomy":"product_cat","embeddable":true,"href":"https:\/\/games.tactic.net\/no\/wp-json\/wp\/v2\/product_cat?post=355277"},{"taxonomy":"product_tag","embeddable":true,"href":"https:\/\/games.tactic.net\/no\/wp-json\/wp\/v2\/product_tag?post=355277"},{"taxonomy":"brand","embeddable":true,"href":"https:\/\/games.tactic.net\/no\/wp-json\/wp\/v2\/brand?post=355277"},{"taxonomy":"target-group","embeddable":true,"href":"https:\/\/games.tactic.net\/no\/wp-json\/wp\/v2\/target-group?post=355277"},{"taxonomy":"discontinued","embeddable":true,"href":"https:\/\/games.tactic.net\/no\/wp-json\/wp\/v2\/discontinued?post=355277"}],"curies":[{"name":"wp","href":"https:\/\/api.w.org\/{rel}","templated":true}]}}